{"id":803,"date":"2024-01-15T21:45:50","date_gmt":"2024-01-15T21:45:50","guid":{"rendered":"https:\/\/jeanlouiscourtinat.fr\/?page_id=803"},"modified":"2024-02-15T10:47:34","modified_gmt":"2024-02-15T10:47:34","slug":"pour-saluer-doisneau-1994","status":"publish","type":"page","link":"https:\/\/jeanlouiscourtinat.fr\/index.php\/pour-saluer-doisneau-1994\/","title":{"rendered":"Pour saluer Doisneau, 1994"},"content":{"rendered":"\t\t<div data-elementor-type=\"wp-page\" data-elementor-id=\"803\" class=\"elementor elementor-803\">\n\t\t\t\t<div class=\"elementor-element elementor-element-31b1e9b e-con-full e-flex wpr-particle-no wpr-jarallax-no wpr-parallax-no wpr-sticky-section-no e-con e-parent\" data-id=\"31b1e9b\" data-element_type=\"container\">\n\t\t<div class=\"elementor-element elementor-element-87874f8 e-con-full e-flex wpr-particle-no wpr-jarallax-no wpr-parallax-no wpr-sticky-section-no e-con e-child\" data-id=\"87874f8\" data-element_type=\"container\">\n\t\t\t\t<\/div>\n\t\t<div class=\"elementor-element elementor-element-1f11275 e-con-full e-flex wpr-particle-no wpr-jarallax-no wpr-parallax-no wpr-sticky-section-no e-con e-child\" data-id=\"1f11275\" data-element_type=\"container\">\n\t\t\t\t<div class=\"elementor-element elementor-element-2e9a4f6 elementor-widget elementor-widget-heading\" data-id=\"2e9a4f6\" data-element_type=\"widget\" data-widget_type=\"heading.default\">\n\t\t\t\t<div class=\"elementor-widget-container\">\n\t\t\t\t\t<h1 class=\"elementor-heading-title elementor-size-default\">Pour saluer Doisneau\n<br>Terrasses &amp; Compagnies\n<br><br>\u00c9ditions Equinoxe, 1994<\/h1>\t\t\t\t<\/div>\n\t\t\t\t<\/div>\n\t\t\t\t<div class=\"elementor-element elementor-element-6120b4a elementor-widget elementor-widget-image\" data-id=\"6120b4a\" data-element_type=\"widget\" data-widget_type=\"image.default\">\n\t\t\t\t<div class=\"elementor-widget-container\">\n\t\t\t\t\t\t\t\t\t\t\t\t\t\t\t\t<a href=\"https:\/\/jeanlouiscourtinat.fr\/wp-content\/uploads\/2024\/02\/IMG_2221.jpg\" data-elementor-open-lightbox=\"yes\" data-e-action-hash=\"#elementor-action%3Aaction%3Dlightbox%26settings%3DeyJpZCI6MTk1MiwidXJsIjoiaHR0cHM6XC9cL2plYW5sb3Vpc2NvdXJ0aW5hdC5mclwvd3AtY29udGVudFwvdXBsb2Fkc1wvMjAyNFwvMDJcL0lNR18yMjIxLmpwZyJ9\">\n\t\t\t\t\t\t\t<img fetchpriority=\"high\" decoding=\"async\" width=\"1396\" height=\"1424\" src=\"https:\/\/jeanlouiscourtinat.fr\/wp-content\/uploads\/2024\/02\/IMG_2221.jpg\" class=\"attachment-full size-full wp-image-1952\" alt=\"\" srcset=\"https:\/\/jeanlouiscourtinat.fr\/wp-content\/uploads\/2024\/02\/IMG_2221.jpg 1396w, https:\/\/jeanlouiscourtinat.fr\/wp-content\/uploads\/2024\/02\/IMG_2221-294x300.jpg 294w, https:\/\/jeanlouiscourtinat.fr\/wp-content\/uploads\/2024\/02\/IMG_2221-1004x1024.jpg 1004w, https:\/\/jeanlouiscourtinat.fr\/wp-content\/uploads\/2024\/02\/IMG_2221-768x783.jpg 768w\" sizes=\"(max-width: 1396px) 100vw, 1396px\" \/>\t\t\t\t\t\t\t\t<\/a>\n\t\t\t\t\t\t\t\t\t\t\t\t\t\t\t<\/div>\n\t\t\t\t<\/div>\n\t\t\t\t<div class=\"elementor-element elementor-element-fc02e51 elementor-widget__width-initial elementor-widget-mobile__width-inherit elementor-widget elementor-widget-image\" data-id=\"fc02e51\" data-element_type=\"widget\" data-widget_type=\"image.default\">\n\t\t\t\t<div class=\"elementor-widget-container\">\n\t\t\t\t\t\t\t\t\t\t\t\t<figure class=\"wp-caption\">\n\t\t\t\t\t\t\t\t\t\t\t<a href=\"https:\/\/jeanlouiscourtinat.fr\/wp-content\/uploads\/2024\/01\/00732-scaled.jpg\" data-elementor-open-lightbox=\"yes\" data-elementor-lightbox-description=\"Robert Doisneau. Doisneau \u00e0 Gentilly pour un film r\u00e9alis\u00e9 sur lui. 2003.\" data-e-action-hash=\"#elementor-action%3Aaction%3Dlightbox%26settings%3DeyJpZCI6MTY5NSwidXJsIjoiaHR0cHM6XC9cL2plYW5sb3Vpc2NvdXJ0aW5hdC5mclwvd3AtY29udGVudFwvdXBsb2Fkc1wvMjAyNFwvMDFcLzAwNzMyLXNjYWxlZC5qcGcifQ%3D%3D\">\n\t\t\t\t\t\t\t<img decoding=\"async\" width=\"1672\" height=\"2560\" src=\"https:\/\/jeanlouiscourtinat.fr\/wp-content\/uploads\/2024\/01\/00732-scaled.jpg\" class=\"attachment-full size-full wp-image-1695\" alt=\"\" srcset=\"https:\/\/jeanlouiscourtinat.fr\/wp-content\/uploads\/2024\/01\/00732-scaled.jpg 1672w, https:\/\/jeanlouiscourtinat.fr\/wp-content\/uploads\/2024\/01\/00732-196x300.jpg 196w, https:\/\/jeanlouiscourtinat.fr\/wp-content\/uploads\/2024\/01\/00732-669x1024.jpg 669w, https:\/\/jeanlouiscourtinat.fr\/wp-content\/uploads\/2024\/01\/00732-768x1176.jpg 768w, https:\/\/jeanlouiscourtinat.fr\/wp-content\/uploads\/2024\/01\/00732-1003x1536.jpg 1003w, https:\/\/jeanlouiscourtinat.fr\/wp-content\/uploads\/2024\/01\/00732-1337x2048.jpg 1337w\" sizes=\"(max-width: 1672px) 100vw, 1672px\" \/>\t\t\t\t\t\t\t\t<\/a>\n\t\t\t\t\t\t\t\t\t\t\t<figcaption class=\"widget-image-caption wp-caption-text\">Robert Doisneau. Doisneau \u00e0 Gentilly pour un film r\u00e9alis\u00e9 sur lui. 2003.<\/figcaption>\n\t\t\t\t\t\t\t\t\t\t<\/figure>\n\t\t\t\t\t\t\t\t\t<\/div>\n\t\t\t\t<\/div>\n\t\t\t\t<div class=\"elementor-element elementor-element-dce6272 elementor-widget elementor-widget-image\" data-id=\"dce6272\" data-element_type=\"widget\" data-widget_type=\"image.default\">\n\t\t\t\t<div class=\"elementor-widget-container\">\n\t\t\t\t\t\t\t\t\t\t\t\t<figure class=\"wp-caption\">\n\t\t\t\t\t\t\t\t\t\t\t<a href=\"https:\/\/jeanlouiscourtinat.fr\/wp-content\/uploads\/2024\/02\/01-Doisneau-photographiant-chez-Vachon-Gentilly-2004-scaled.jpg\" data-elementor-open-lightbox=\"yes\" data-elementor-lightbox-description=\"Robert Doisneau. Doisneau photographiant chez Vachon \u00e0 Gentilly. 2003.\" data-e-action-hash=\"#elementor-action%3Aaction%3Dlightbox%26settings%3DeyJpZCI6MTg0MiwidXJsIjoiaHR0cHM6XC9cL2plYW5sb3Vpc2NvdXJ0aW5hdC5mclwvd3AtY29udGVudFwvdXBsb2Fkc1wvMjAyNFwvMDJcLzAxLURvaXNuZWF1LXBob3RvZ3JhcGhpYW50LWNoZXotVmFjaG9uLUdlbnRpbGx5LTIwMDQtc2NhbGVkLmpwZyJ9\">\n\t\t\t\t\t\t\t<img decoding=\"async\" width=\"2560\" height=\"1675\" src=\"https:\/\/jeanlouiscourtinat.fr\/wp-content\/uploads\/2024\/02\/01-Doisneau-photographiant-chez-Vachon-Gentilly-2004-scaled.jpg\" class=\"attachment-full size-full wp-image-1842\" alt=\"\" srcset=\"https:\/\/jeanlouiscourtinat.fr\/wp-content\/uploads\/2024\/02\/01-Doisneau-photographiant-chez-Vachon-Gentilly-2004-scaled.jpg 2560w, https:\/\/jeanlouiscourtinat.fr\/wp-content\/uploads\/2024\/02\/01-Doisneau-photographiant-chez-Vachon-Gentilly-2004-300x196.jpg 300w, https:\/\/jeanlouiscourtinat.fr\/wp-content\/uploads\/2024\/02\/01-Doisneau-photographiant-chez-Vachon-Gentilly-2004-1024x670.jpg 1024w, https:\/\/jeanlouiscourtinat.fr\/wp-content\/uploads\/2024\/02\/01-Doisneau-photographiant-chez-Vachon-Gentilly-2004-768x502.jpg 768w, https:\/\/jeanlouiscourtinat.fr\/wp-content\/uploads\/2024\/02\/01-Doisneau-photographiant-chez-Vachon-Gentilly-2004-1536x1005.jpg 1536w, https:\/\/jeanlouiscourtinat.fr\/wp-content\/uploads\/2024\/02\/01-Doisneau-photographiant-chez-Vachon-Gentilly-2004-2048x1340.jpg 2048w\" sizes=\"(max-width: 2560px) 100vw, 2560px\" \/>\t\t\t\t\t\t\t\t<\/a>\n\t\t\t\t\t\t\t\t\t\t\t<figcaption class=\"widget-image-caption wp-caption-text\">Robert Doisneau. Doisneau photographiant chez Vachon \u00e0 Gentilly. 2003.<\/figcaption>\n\t\t\t\t\t\t\t\t\t\t<\/figure>\n\t\t\t\t\t\t\t\t\t<\/div>\n\t\t\t\t<\/div>\n\t\t\t\t<div class=\"elementor-element elementor-element-afb9622 elementor-widget elementor-widget-image\" data-id=\"afb9622\" data-element_type=\"widget\" data-widget_type=\"image.default\">\n\t\t\t\t<div class=\"elementor-widget-container\">\n\t\t\t\t\t\t\t\t\t\t\t\t<figure class=\"wp-caption\">\n\t\t\t\t\t\t\t\t\t\t\t<a href=\"https:\/\/jeanlouiscourtinat.fr\/wp-content\/uploads\/2024\/02\/08-Doisneau-photographiant-a-Gentilly-2006-scaled.jpg\" data-elementor-open-lightbox=\"yes\" data-elementor-lightbox-description=\"Robert Doisneau. Doisneau \u00e0 Gentilly. 2003.\" data-e-action-hash=\"#elementor-action%3Aaction%3Dlightbox%26settings%3DeyJpZCI6MTg0OSwidXJsIjoiaHR0cHM6XC9cL2plYW5sb3Vpc2NvdXJ0aW5hdC5mclwvd3AtY29udGVudFwvdXBsb2Fkc1wvMjAyNFwvMDJcLzA4LURvaXNuZWF1LXBob3RvZ3JhcGhpYW50LWEtR2VudGlsbHktMjAwNi1zY2FsZWQuanBnIn0%3D\">\n\t\t\t\t\t\t\t<img loading=\"lazy\" decoding=\"async\" width=\"2560\" height=\"1689\" src=\"https:\/\/jeanlouiscourtinat.fr\/wp-content\/uploads\/2024\/02\/08-Doisneau-photographiant-a-Gentilly-2006-scaled.jpg\" class=\"attachment-full size-full wp-image-1849\" alt=\"\" srcset=\"https:\/\/jeanlouiscourtinat.fr\/wp-content\/uploads\/2024\/02\/08-Doisneau-photographiant-a-Gentilly-2006-scaled.jpg 2560w, https:\/\/jeanlouiscourtinat.fr\/wp-content\/uploads\/2024\/02\/08-Doisneau-photographiant-a-Gentilly-2006-300x198.jpg 300w, https:\/\/jeanlouiscourtinat.fr\/wp-content\/uploads\/2024\/02\/08-Doisneau-photographiant-a-Gentilly-2006-1024x676.jpg 1024w, https:\/\/jeanlouiscourtinat.fr\/wp-content\/uploads\/2024\/02\/08-Doisneau-photographiant-a-Gentilly-2006-768x507.jpg 768w, https:\/\/jeanlouiscourtinat.fr\/wp-content\/uploads\/2024\/02\/08-Doisneau-photographiant-a-Gentilly-2006-1536x1013.jpg 1536w, https:\/\/jeanlouiscourtinat.fr\/wp-content\/uploads\/2024\/02\/08-Doisneau-photographiant-a-Gentilly-2006-2048x1351.jpg 2048w\" sizes=\"(max-width: 2560px) 100vw, 2560px\" \/>\t\t\t\t\t\t\t\t<\/a>\n\t\t\t\t\t\t\t\t\t\t\t<figcaption class=\"widget-image-caption wp-caption-text\">Robert Doisneau. Doisneau \u00e0 Gentilly. 2003.<\/figcaption>\n\t\t\t\t\t\t\t\t\t\t<\/figure>\n\t\t\t\t\t\t\t\t\t<\/div>\n\t\t\t\t<\/div>\n\t\t\t\t<\/div>\n\t\t<div class=\"elementor-element elementor-element-fec84d3 e-con-full e-flex wpr-particle-no wpr-jarallax-no wpr-parallax-no wpr-sticky-section-no e-con e-child\" data-id=\"fec84d3\" data-element_type=\"container\">\n\t\t\t\t<\/div>\n\t\t\t\t<\/div>\n\t\t\t\t<\/div>\n\t\t","protected":false},"excerpt":{"rendered":"<p>Pour saluer Doisneau Terrasses &amp; Compagnies \u00c9ditions Equinoxe, 1994 Robert Doisneau. Doisneau \u00e0 Gentilly pour un film r\u00e9alis\u00e9 sur lui. 2003. Robert Doisneau. Doisneau photographiant chez Vachon \u00e0 Gentilly. 2003. Robert Doisneau. Doisneau \u00e0 Gentilly. 2003.<\/p>\n","protected":false},"author":1,"featured_media":721,"parent":0,"menu_order":0,"comment_status":"closed","ping_status":"closed","template":"","meta":{"footnotes":""},"_links":{"self":[{"href":"https:\/\/jeanlouiscourtinat.fr\/index.php\/wp-json\/wp\/v2\/pages\/803"}],"collection":[{"href":"https:\/\/jeanlouiscourtinat.fr\/index.php\/wp-json\/wp\/v2\/pages"}],"about":[{"href":"https:\/\/jeanlouiscourtinat.fr\/index.php\/wp-json\/wp\/v2\/types\/page"}],"author":[{"embeddable":true,"href":"https:\/\/jeanlouiscourtinat.fr\/index.php\/wp-json\/wp\/v2\/users\/1"}],"replies":[{"embeddable":true,"href":"https:\/\/jeanlouiscourtinat.fr\/index.php\/wp-json\/wp\/v2\/comments?post=803"}],"version-history":[{"count":23,"href":"https:\/\/jeanlouiscourtinat.fr\/index.php\/wp-json\/wp\/v2\/pages\/803\/revisions"}],"predecessor-version":[{"id":2280,"href":"https:\/\/jeanlouiscourtinat.fr\/index.php\/wp-json\/wp\/v2\/pages\/803\/revisions\/2280"}],"wp:featuredmedia":[{"embeddable":true,"href":"https:\/\/jeanlouiscourtinat.fr\/index.php\/wp-json\/wp\/v2\/media\/721"}],"wp:attachment":[{"href":"https:\/\/jeanlouiscourtinat.fr\/index.php\/wp-json\/wp\/v2\/media?parent=803"}],"curies":[{"name":"wp","href":"https:\/\/api.w.org\/{rel}","templated":true}]}}