{"id":49,"date":"2024-01-10T11:08:39","date_gmt":"2024-01-10T11:08:39","guid":{"rendered":"https:\/\/jeanlouiscourtinat.fr\/?page_id=49"},"modified":"2025-12-19T11:12:10","modified_gmt":"2025-12-19T11:12:10","slug":"contact","status":"publish","type":"page","link":"https:\/\/jeanlouiscourtinat.fr\/index.php\/contact\/","title":{"rendered":"Contact"},"content":{"rendered":"\t\t<div data-elementor-type=\"wp-page\" data-elementor-id=\"49\" class=\"elementor elementor-49\">\n\t\t\t\t<div class=\"elementor-element elementor-element-67bf968 e-con-full e-flex wpr-particle-no wpr-jarallax-no wpr-parallax-no wpr-sticky-section-no e-con e-parent\" data-id=\"67bf968\" data-element_type=\"container\" data-settings=\"{&quot;background_background&quot;:&quot;classic&quot;}\">\n\t\t<div class=\"elementor-element elementor-element-7af5b30 e-con-full e-flex wpr-particle-no wpr-jarallax-no wpr-parallax-no wpr-sticky-section-no e-con e-child\" data-id=\"7af5b30\" data-element_type=\"container\">\n\t\t\t\t<div class=\"elementor-element elementor-element-b0bdd80 elementor-widget elementor-widget-heading\" data-id=\"b0bdd80\" data-element_type=\"widget\" data-widget_type=\"heading.default\">\n\t\t\t\t<div class=\"elementor-widget-container\">\n\t\t\t\t\t<h1 class=\"elementor-heading-title elementor-size-default\">Newsletter<\/h1>\t\t\t\t<\/div>\n\t\t\t\t<\/div>\n\t\t\t\t<div class=\"elementor-element elementor-element-2acd948 elementor-widget elementor-widget-text-editor\" data-id=\"2acd948\" data-element_type=\"widget\" data-widget_type=\"text-editor.default\">\n\t\t\t\t<div class=\"elementor-widget-container\">\n\t\t\t\t\t\t\t\t\t<p style=\"text-align: center;\">Je souhaite recevoir la newsletter et rester inform\u00e9(e) des actualit\u00e9s.<\/p>\t\t\t\t\t\t\t\t<\/div>\n\t\t\t\t<\/div>\n\t\t\t\t<div class=\"elementor-element elementor-element-44659a5 elementor-widget elementor-widget-formidable\" data-id=\"44659a5\" data-element_type=\"widget\" data-widget_type=\"formidable.default\">\n\t\t\t\t<div class=\"elementor-widget-container\">\n\t\t\t\t\t<div class=\"frm_forms  with_frm_style frm_style_formidable-style\" id=\"frm_form_3_container\" data-token=\"8c2d32aec729d4a283c0616838cba1bc\">\n<form enctype=\"multipart\/form-data\" method=\"post\" class=\"frm-show-form \" id=\"form_email\" data-token=\"8c2d32aec729d4a283c0616838cba1bc\">\n<div class=\"frm_form_fields \">\n<fieldset>\n<legend class=\"frm_screen_reader\">Email<\/legend>\r\n\r\n<div class=\"frm_fields_container\">\n<input type=\"hidden\" name=\"frm_action\" value=\"create\" \/>\n<input type=\"hidden\" name=\"form_id\" value=\"3\" \/>\n<input type=\"hidden\" name=\"frm_hide_fields_3\" id=\"frm_hide_fields_3\" value=\"\" \/>\n<input type=\"hidden\" name=\"form_key\" value=\"email\" \/>\n<input type=\"hidden\" name=\"item_meta[0]\" value=\"\" \/>\n<input type=\"hidden\" id=\"frm_submit_entry_3\" name=\"frm_submit_entry_3\" value=\"3eef283949\" \/><input type=\"hidden\" name=\"_wp_http_referer\" value=\"\/index.php\/wp-json\/wp\/v2\/pages\/49\" \/><div id=\"frm_field_13_container\" class=\"frm_form_field form-field  frm_required_field frm_top_container\">\r\n    <div  id=\"field_zimrp_label\" class=\"frm_primary_label\">Nom\r\n        <span class=\"frm_required\" aria-hidden=\"true\">*<\/span>\r\n    <\/div>\r\n    <fieldset aria-labelledby=\"field_zimrp_label\">\n\t<legend class=\"frm_screen_reader frm_hidden\">\n\t\tNom\t<\/legend>\n\n\t<div  class=\"frm_combo_inputs_container\" id=\"frm_combo_inputs_container_13\" data-name-layout=\"first_last\">\n\t\t\t\t\t<div\n\t\t\t\tid=\"frm_field_13-first_container\"\n\t\t\t\tclass=\"frm_form_field form-field frm_form_subfield-first  frm6\"\n\t\t\t\tdata-sub-field-name=\"first\"\n\t\t\t>\n\t\t\t\t<label for=\"field_zimrp_first\" class=\"frm_screen_reader frm_hidden\">\n\t\t\t\t\tPr\u00e9nom\t\t\t\t<\/label>\n\n\t\t\t\t<input  type=\"text\" id=\"field_zimrp_first\" value=\"\" name=\"item_meta[13][first]\" autocomplete=\"given-name\" data-reqmsg=\" Ce champ est obligatoire.\" aria-required=\"true\" data-invmsg=\"Nom is invalid\" aria-invalid=\"false\"  \/><div class=\"frm_description\" id=\"frm_field_13_first_desc\">Pr\u00e9nom<\/div>\t\t\t<\/div>\n\t\t\t\t\t\t<div\n\t\t\t\tid=\"frm_field_13-last_container\"\n\t\t\t\tclass=\"frm_form_field form-field frm_form_subfield-last  frm6\"\n\t\t\t\tdata-sub-field-name=\"last\"\n\t\t\t>\n\t\t\t\t<label for=\"field_zimrp_last\" class=\"frm_screen_reader frm_hidden\">\n\t\t\t\t\tNom\t\t\t\t<\/label>\n\n\t\t\t\t<input  type=\"text\" id=\"field_zimrp_last\" value=\"\" name=\"item_meta[13][last]\" autocomplete=\"family-name\" data-reqmsg=\" Ce champ est obligatoire.\" aria-required=\"true\" data-invmsg=\"Nom is invalid\" aria-invalid=\"false\"  \/><div class=\"frm_description\" id=\"frm_field_13_last_desc\">Nom<\/div>\t\t\t<\/div>\n\t\t\t\t<\/div>\n<\/fieldset>\n\r\n    \r\n    \r\n<\/div>\n<div id=\"frm_field_12_container\" class=\"frm_form_field form-field  frm_required_field frm_top_container frm12\">\r\n    <label for=\"field_oqom1\" id=\"field_oqom1_label\" class=\"frm_primary_label\">Email\r\n        <span class=\"frm_required\" aria-hidden=\"true\">*<\/span>\r\n    <\/label>\r\n    <input type=\"email\" id=\"field_oqom1\" name=\"item_meta[12]\" value=\"\"  placeholder=\"Adresse e-mail\" data-reqmsg=\"L&#039;adresse e-mail est invalide.\" aria-required=\"true\" data-invmsg=\"L&#039;adresse e-mail est invalide.\" aria-invalid=\"false\"  \/>\r\n    \r\n    \r\n<\/div>\n<div id=\"frm_field_16_container\" class=\"frm_form_field form-field  frm_required_field frm_top_container vertical_radio\">\n\t<div  id=\"field_l1lv7_label\" class=\"frm_primary_label\">\n\t\t<span class=\"frm_required\" aria-hidden=\"true\">*<\/span>\n\t<\/div>\n\t<div class=\"frm_opt_container\" aria-labelledby=\"field_l1lv7_label\" role=\"group\">\t\t<div class=\"frm_checkbox\" id=\"frm_checkbox_16-0\">\t\t\t<label  for=\"field_l1lv7-0\">\n\t\t\t<input type=\"checkbox\" name=\"item_meta[16][]\" id=\"field_l1lv7-0\" value=\"En cochant cette case, j\u2019accepte de recevoir par e-mail des informations et des actualit\u00e9s concernant le travail et les expositions de Jean-Louis Courtinat.\"  data-reqmsg=\"Ce champ est obligatoire.\" data-invmsg=\"This field is invalid\"   aria-required=\"true\"  \/> En cochant cette case, j\u2019accepte de recevoir par e-mail des informations et des actualit\u00e9s concernant le travail et les expositions de Jean-Louis Courtinat.<\/label><\/div>\n<\/div>\n\t\n\t\n<\/div>\n<div id=\"frm_field_14_container\" class=\"frm_form_field form-field \">\n\t<div class=\"frm_submit frm_flex\">\r\n<button class=\"frm_button_submit\" type=\"submit\"  >S&#039;INSCRIRE<\/button>\r\n\r\n\r\n\r\n<\/div>\n<\/div>\n\t<input type=\"hidden\" name=\"item_key\" value=\"\" \/>\n\t\t\t<div id=\"frm_field_17_container\">\n\t\t\t<label for=\"field_jp3rg\" >\n\t\t\t\tIf you are human, leave this field blank.\t\t\t<\/label>\n\t\t\t<input  id=\"field_jp3rg\" type=\"text\" class=\"frm_form_field form-field frm_verify\" name=\"item_meta[17]\" value=\"\"  \/>\n\t\t<\/div>\n\t\t<input name=\"frm_state\" type=\"hidden\" value=\"KdXgQcNsE\/Pixq17mSNtXJw++GCEkgWr+9OxU7yUfYY=\" \/><\/div>\n<\/fieldset>\n<\/div>\n\n<\/form>\n<\/div>\n\t\t\t\t<\/div>\n\t\t\t\t<\/div>\n\t\t\t\t<div class=\"elementor-element elementor-element-b16f707 elementor-widget-divider--view-line elementor-widget elementor-widget-divider\" data-id=\"b16f707\" data-element_type=\"widget\" data-widget_type=\"divider.default\">\n\t\t\t\t<div class=\"elementor-widget-container\">\n\t\t\t\t\t\t\t<div class=\"elementor-divider\">\n\t\t\t<span class=\"elementor-divider-separator\">\n\t\t\t\t\t\t<\/span>\n\t\t<\/div>\n\t\t\t\t\t\t<\/div>\n\t\t\t\t<\/div>\n\t\t<div class=\"elementor-element elementor-element-ed45501 e-con-full e-flex wpr-particle-no wpr-jarallax-no wpr-parallax-no wpr-sticky-section-no e-con e-child\" data-id=\"ed45501\" data-element_type=\"container\">\n\t\t\t\t<div class=\"elementor-element elementor-element-ddb72bb elementor-widget elementor-widget-text-editor\" data-id=\"ddb72bb\" data-element_type=\"widget\" data-widget_type=\"text-editor.default\">\n\t\t\t\t<div class=\"elementor-widget-container\">\n\t\t\t\t\t\t\t\t\t<h4><strong>Jean-Louis Courtinat<\/strong><\/h4><p><strong><a href=\"mailto:jeanlouiscourtinat75@gmail.com\">jeanlouiscourtinat75@gmail.com<\/a><\/strong> <br \/>13 rue Eug\u00e9nie Ebou\u00e9<br \/>75012 Paris, France<br \/>06 13 43 58 40<\/p>\t\t\t\t\t\t\t\t<\/div>\n\t\t\t\t<\/div>\n\t\t\t\t<div class=\"elementor-element elementor-element-0a7c2ee elementor-hidden-mobile elementor-widget elementor-widget-spacer\" data-id=\"0a7c2ee\" data-element_type=\"widget\" data-widget_type=\"spacer.default\">\n\t\t\t\t<div class=\"elementor-widget-container\">\n\t\t\t\t\t\t\t<div class=\"elementor-spacer\">\n\t\t\t<div class=\"elementor-spacer-inner\"><\/div>\n\t\t<\/div>\n\t\t\t\t\t\t<\/div>\n\t\t\t\t<\/div>\n\t\t\t\t<div class=\"elementor-element elementor-element-264a1a7 elementor-widget elementor-widget-text-editor\" data-id=\"264a1a7\" data-element_type=\"widget\" data-widget_type=\"text-editor.default\">\n\t\t\t\t<div class=\"elementor-widget-container\">\n\t\t\t\t\t\t\t\t\t<h4><a href=\"https:\/\/www.roger-viollet.fr\/photographer\/jean-louis-courtinat-240?lang=fr\"><strong>Agence Roger-Viollet<\/strong><\/a><\/h4><p>6 rue de Seine<br \/>75006 Paris, France<\/p>\t\t\t\t\t\t\t\t<\/div>\n\t\t\t\t<\/div>\n\t\t\t\t<\/div>\n\t\t\t\t<\/div>\n\t\t\t\t<\/div>\n\t\t\t\t<\/div>\n\t\t","protected":false},"excerpt":{"rendered":"<p>Newsletter Je souhaite recevoir la newsletter et rester inform\u00e9(e) des actualit\u00e9s. Email Nom * Nom Pr\u00e9nom Pr\u00e9nom Nom Nom Email * * En cochant cette case, j\u2019accepte de recevoir par e-mail des informations et des actualit\u00e9s concernant le travail et les expositions de Jean-Louis Courtinat. S&#039;INSCRIRE If you are human, leave this field blank. Jean-Louis Courtinat jeanlouiscourtinat75@gmail.com 13 rue Eug\u00e9nie Ebou\u00e975012 Paris, France06 13 43 58 40 Agence Roger-Viollet 6 rue de Seine75006 Paris, France<\/p>\n","protected":false},"author":1,"featured_media":0,"parent":0,"menu_order":0,"comment_status":"closed","ping_status":"closed","template":"","meta":{"footnotes":""},"_links":{"self":[{"href":"https:\/\/jeanlouiscourtinat.fr\/index.php\/wp-json\/wp\/v2\/pages\/49"}],"collection":[{"href":"https:\/\/jeanlouiscourtinat.fr\/index.php\/wp-json\/wp\/v2\/pages"}],"about":[{"href":"https:\/\/jeanlouiscourtinat.fr\/index.php\/wp-json\/wp\/v2\/types\/page"}],"author":[{"embeddable":true,"href":"https:\/\/jeanlouiscourtinat.fr\/index.php\/wp-json\/wp\/v2\/users\/1"}],"replies":[{"embeddable":true,"href":"https:\/\/jeanlouiscourtinat.fr\/index.php\/wp-json\/wp\/v2\/comments?post=49"}],"version-history":[{"count":76,"href":"https:\/\/jeanlouiscourtinat.fr\/index.php\/wp-json\/wp\/v2\/pages\/49\/revisions"}],"predecessor-version":[{"id":2574,"href":"https:\/\/jeanlouiscourtinat.fr\/index.php\/wp-json\/wp\/v2\/pages\/49\/revisions\/2574"}],"wp:attachment":[{"href":"https:\/\/jeanlouiscourtinat.fr\/index.php\/wp-json\/wp\/v2\/media?parent=49"}],"curies":[{"name":"wp","href":"https:\/\/api.w.org\/{rel}","templated":true}]}}