{"id":412,"date":"2024-01-14T22:34:43","date_gmt":"2024-01-14T22:34:43","guid":{"rendered":"https:\/\/jeanlouiscourtinat.fr\/?page_id=412"},"modified":"2024-02-06T21:59:24","modified_gmt":"2024-02-06T21:59:24","slug":"fait-et-cause-1994","status":"publish","type":"page","link":"https:\/\/jeanlouiscourtinat.fr\/index.php\/fait-et-cause-1994\/","title":{"rendered":"Fait et cause, 1994"},"content":{"rendered":"\t\t<div data-elementor-type=\"wp-page\" data-elementor-id=\"412\" class=\"elementor elementor-412\">\n\t\t\t\t<div class=\"elementor-element elementor-element-cb9a665 e-con-full e-flex wpr-particle-no wpr-jarallax-no wpr-parallax-no wpr-sticky-section-no e-con e-parent\" data-id=\"cb9a665\" data-element_type=\"container\">\n\t\t<div class=\"elementor-element elementor-element-3ad4a3d e-con-full e-flex wpr-particle-no wpr-jarallax-no wpr-parallax-no wpr-sticky-section-no e-con e-child\" data-id=\"3ad4a3d\" data-element_type=\"container\">\n\t\t\t\t<div class=\"elementor-element elementor-element-e111dde elementor-arrows-position-outside elementor-pagination-position-outside elementor-widget elementor-widget-image-carousel\" data-id=\"e111dde\" data-element_type=\"widget\" data-settings=\"{&quot;slides_to_show&quot;:&quot;1&quot;,&quot;navigation&quot;:&quot;both&quot;,&quot;autoplay&quot;:&quot;yes&quot;,&quot;pause_on_hover&quot;:&quot;yes&quot;,&quot;pause_on_interaction&quot;:&quot;yes&quot;,&quot;autoplay_speed&quot;:5000,&quot;infinite&quot;:&quot;yes&quot;,&quot;effect&quot;:&quot;slide&quot;,&quot;speed&quot;:500}\" data-widget_type=\"image-carousel.default\">\n\t\t\t\t<div class=\"elementor-widget-container\">\n\t\t\t\t\t\t\t<div class=\"elementor-image-carousel-wrapper swiper\" role=\"region\" aria-roledescription=\"carousel\" aria-label=\"Image Carousel\" dir=\"ltr\">\n\t\t\t<div class=\"elementor-image-carousel swiper-wrapper\" aria-live=\"off\">\n\t\t\t\t\t\t\t\t<div class=\"swiper-slide\" role=\"group\" aria-roledescription=\"slide\" aria-label=\"1 of 16\"><a data-elementor-open-lightbox=\"yes\" data-elementor-lightbox-slideshow=\"e111dde\" data-elementor-lightbox-description=\"Fait et cause\" data-e-action-hash=\"#elementor-action%3Aaction%3Dlightbox%26settings%3DeyJpZCI6MTA2NSwidXJsIjoiaHR0cHM6XC9cL2plYW5sb3Vpc2NvdXJ0aW5hdC5mclwvd3AtY29udGVudFwvdXBsb2Fkc1wvMjAyNFwvMDFcL0NvdXZlcnR1cmUuanBnIiwic2xpZGVzaG93IjoiZTExMWRkZSJ9\" href=\"https:\/\/jeanlouiscourtinat.fr\/wp-content\/uploads\/2024\/01\/Couverture.jpg\"><figure class=\"swiper-slide-inner\"><img decoding=\"async\" class=\"swiper-slide-image\" src=\"https:\/\/jeanlouiscourtinat.fr\/wp-content\/uploads\/2024\/01\/Couverture.jpg\" alt=\"Fait et cause\" \/><figcaption class=\"elementor-image-carousel-caption\">Fait et cause<\/figcaption><\/figure><\/a><\/div><div class=\"swiper-slide\" role=\"group\" aria-roledescription=\"slide\" aria-label=\"2 of 16\"><a data-elementor-open-lightbox=\"yes\" data-elementor-lightbox-slideshow=\"e111dde\" data-elementor-lightbox-description=\"S\u00e9ance de kin\u00e9sith\u00e9rapie.\" data-e-action-hash=\"#elementor-action%3Aaction%3Dlightbox%26settings%3DeyJpZCI6MTA0OCwidXJsIjoiaHR0cHM6XC9cL2plYW5sb3Vpc2NvdXJ0aW5hdC5mclwvd3AtY29udGVudFwvdXBsb2Fkc1wvMjAyNFwvMDFcLzA0LVNlYW5jZS1kZS1raW5lc2l0aGVyYXBpZS1zY2FsZWQuanBnIiwic2xpZGVzaG93IjoiZTExMWRkZSJ9\" href=\"https:\/\/jeanlouiscourtinat.fr\/wp-content\/uploads\/2024\/01\/04-Seance-de-kinesitherapie-scaled.jpg\"><figure class=\"swiper-slide-inner\"><img decoding=\"async\" class=\"swiper-slide-image\" src=\"https:\/\/jeanlouiscourtinat.fr\/wp-content\/uploads\/2024\/01\/04-Seance-de-kinesitherapie-scaled.jpg\" alt=\"S\u00e9ance de kin\u00e9sith\u00e9rapie.\" \/><figcaption class=\"elementor-image-carousel-caption\">S\u00e9ance de kin\u00e9sith\u00e9rapie.<\/figcaption><\/figure><\/a><\/div><div class=\"swiper-slide\" role=\"group\" aria-roledescription=\"slide\" aria-label=\"3 of 16\"><a data-elementor-open-lightbox=\"yes\" data-elementor-lightbox-slideshow=\"e111dde\" data-elementor-lightbox-description=\"H\u00e9l\u00e8ne et Georges.\" data-e-action-hash=\"#elementor-action%3Aaction%3Dlightbox%26settings%3DeyJpZCI6MTA1NywidXJsIjoiaHR0cHM6XC9cL2plYW5sb3Vpc2NvdXJ0aW5hdC5mclwvd3AtY29udGVudFwvdXBsb2Fkc1wvMjAyNFwvMDFcLzA1LUhlbGVuZS1ldC1HZW9yZ2VzLVJELmpwZyIsInNsaWRlc2hvdyI6ImUxMTFkZGUifQ%3D%3D\" href=\"https:\/\/jeanlouiscourtinat.fr\/wp-content\/uploads\/2024\/01\/05-Helene-et-Georges-RD.jpg\"><figure class=\"swiper-slide-inner\"><img decoding=\"async\" class=\"swiper-slide-image\" src=\"https:\/\/jeanlouiscourtinat.fr\/wp-content\/uploads\/2024\/01\/05-Helene-et-Georges-RD.jpg\" alt=\"H\u00e9l\u00e8ne et Georges.\" \/><figcaption class=\"elementor-image-carousel-caption\">H\u00e9l\u00e8ne et Georges.<\/figcaption><\/figure><\/a><\/div><div class=\"swiper-slide\" role=\"group\" aria-roledescription=\"slide\" aria-label=\"4 of 16\"><a data-elementor-open-lightbox=\"yes\" data-elementor-lightbox-slideshow=\"e111dde\" data-elementor-lightbox-description=\"Jos\u00e9phine dans le couloir du service.\" data-e-action-hash=\"#elementor-action%3Aaction%3Dlightbox%26settings%3DeyJpZCI6MTA1MSwidXJsIjoiaHR0cHM6XC9cL2plYW5sb3Vpc2NvdXJ0aW5hdC5mclwvd3AtY29udGVudFwvdXBsb2Fkc1wvMjAyNFwvMDFcLzAxMC1Kb3NlcGhpbmUtZGFucy1sZS1jb3Vsb2lyLWR1LXNlcnZpY2Utc2NhbGVkLmpwZyIsInNsaWRlc2hvdyI6ImUxMTFkZGUifQ%3D%3D\" href=\"https:\/\/jeanlouiscourtinat.fr\/wp-content\/uploads\/2024\/01\/010-Josephine-dans-le-couloir-du-service-scaled.jpg\"><figure class=\"swiper-slide-inner\"><img decoding=\"async\" class=\"swiper-slide-image\" src=\"https:\/\/jeanlouiscourtinat.fr\/wp-content\/uploads\/2024\/01\/010-Josephine-dans-le-couloir-du-service-scaled.jpg\" alt=\"Jos\u00e9phine dans le couloir du service.\" \/><figcaption class=\"elementor-image-carousel-caption\">Jos\u00e9phine dans le couloir du service.<\/figcaption><\/figure><\/a><\/div><div class=\"swiper-slide\" role=\"group\" aria-roledescription=\"slide\" aria-label=\"5 of 16\"><a data-elementor-open-lightbox=\"yes\" data-elementor-lightbox-slideshow=\"e111dde\" data-elementor-lightbox-description=\"Les deux amies.\" data-e-action-hash=\"#elementor-action%3Aaction%3Dlightbox%26settings%3DeyJpZCI6MTA2MCwidXJsIjoiaHR0cHM6XC9cL2plYW5sb3Vpc2NvdXJ0aW5hdC5mclwvd3AtY29udGVudFwvdXBsb2Fkc1wvMjAyNFwvMDFcLzAxMy1MZXMtZGV1eC1hbWllcy1SRC5qcGciLCJzbGlkZXNob3ciOiJlMTExZGRlIn0%3D\" href=\"https:\/\/jeanlouiscourtinat.fr\/wp-content\/uploads\/2024\/01\/013-Les-deux-amies-RD.jpg\"><figure class=\"swiper-slide-inner\"><img decoding=\"async\" class=\"swiper-slide-image\" src=\"https:\/\/jeanlouiscourtinat.fr\/wp-content\/uploads\/2024\/01\/013-Les-deux-amies-RD.jpg\" alt=\"Les deux amies.\" \/><figcaption class=\"elementor-image-carousel-caption\">Les deux amies.<\/figcaption><\/figure><\/a><\/div><div class=\"swiper-slide\" role=\"group\" aria-roledescription=\"slide\" aria-label=\"6 of 16\"><a data-elementor-open-lightbox=\"yes\" data-elementor-lightbox-slideshow=\"e111dde\" data-elementor-lightbox-description=\"La visite du m\u00e9decin.\" data-e-action-hash=\"#elementor-action%3Aaction%3Dlightbox%26settings%3DeyJpZCI6MTA0NywidXJsIjoiaHR0cHM6XC9cL2plYW5sb3Vpc2NvdXJ0aW5hdC5mclwvd3AtY29udGVudFwvdXBsb2Fkc1wvMjAyNFwvMDFcLzAyLUxhLXZpc2l0ZS1kdS1tZWRlY2luLXNjYWxlZC5qcGciLCJzbGlkZXNob3ciOiJlMTExZGRlIn0%3D\" href=\"https:\/\/jeanlouiscourtinat.fr\/wp-content\/uploads\/2024\/01\/02-La-visite-du-medecin-scaled.jpg\"><figure class=\"swiper-slide-inner\"><img decoding=\"async\" class=\"swiper-slide-image\" src=\"https:\/\/jeanlouiscourtinat.fr\/wp-content\/uploads\/2024\/01\/02-La-visite-du-medecin-scaled.jpg\" alt=\"La visite du m\u00e9decin.\" \/><figcaption class=\"elementor-image-carousel-caption\">La visite du m\u00e9decin.<\/figcaption><\/figure><\/a><\/div><div class=\"swiper-slide\" role=\"group\" aria-roledescription=\"slide\" aria-label=\"7 of 16\"><a data-elementor-open-lightbox=\"yes\" data-elementor-lightbox-slideshow=\"e111dde\" data-elementor-lightbox-description=\"Le petit d\u00e9jeuner.\" data-e-action-hash=\"#elementor-action%3Aaction%3Dlightbox%26settings%3DeyJpZCI6MTA0NiwidXJsIjoiaHR0cHM6XC9cL2plYW5sb3Vpc2NvdXJ0aW5hdC5mclwvd3AtY29udGVudFwvdXBsb2Fkc1wvMjAyNFwvMDFcLzAxLUxlLXBldGl0LWRlamV1bmVyLXNjYWxlZC5qcGciLCJzbGlkZXNob3ciOiJlMTExZGRlIn0%3D\" href=\"https:\/\/jeanlouiscourtinat.fr\/wp-content\/uploads\/2024\/01\/01-Le-petit-dejeuner-scaled.jpg\"><figure class=\"swiper-slide-inner\"><img decoding=\"async\" class=\"swiper-slide-image\" src=\"https:\/\/jeanlouiscourtinat.fr\/wp-content\/uploads\/2024\/01\/01-Le-petit-dejeuner-scaled.jpg\" alt=\"Le petit d\u00e9jeuner.\" \/><figcaption class=\"elementor-image-carousel-caption\">Le petit d\u00e9jeuner.<\/figcaption><\/figure><\/a><\/div><div class=\"swiper-slide\" role=\"group\" aria-roledescription=\"slide\" aria-label=\"8 of 16\"><a data-elementor-open-lightbox=\"yes\" data-elementor-lightbox-slideshow=\"e111dde\" data-elementor-lightbox-description=\"Madeleine refuse de se lever. L&#039;aide-soignante tente de la raisonner.\" data-e-action-hash=\"#elementor-action%3Aaction%3Dlightbox%26settings%3DeyJpZCI6MTA1MywidXJsIjoiaHR0cHM6XC9cL2plYW5sb3Vpc2NvdXJ0aW5hdC5mclwvd3AtY29udGVudFwvdXBsb2Fkc1wvMjAyNFwvMDFcLzAxMi1NYWRlbGVpbmUtcmVmdXNlLWRlLXNlLWxldmVyLi1MYWlkZS1zb2lnbmFudGUtdGVudGUtZGUtbGEtcmFpc29ubmVyLXNjYWxlZC5qcGciLCJzbGlkZXNob3ciOiJlMTExZGRlIn0%3D\" href=\"https:\/\/jeanlouiscourtinat.fr\/wp-content\/uploads\/2024\/01\/012-Madeleine-refuse-de-se-lever.-Laide-soignante-tente-de-la-raisonner-scaled.jpg\"><figure class=\"swiper-slide-inner\"><img decoding=\"async\" class=\"swiper-slide-image\" src=\"https:\/\/jeanlouiscourtinat.fr\/wp-content\/uploads\/2024\/01\/012-Madeleine-refuse-de-se-lever.-Laide-soignante-tente-de-la-raisonner-scaled.jpg\" alt=\"Madeleine refuse de se lever. L&#039;aide-soignante tente de la raisonner.\" \/><figcaption class=\"elementor-image-carousel-caption\">Madeleine refuse de se lever. L'aide-soignante tente de la raisonner.<\/figcaption><\/figure><\/a><\/div><div class=\"swiper-slide\" role=\"group\" aria-roledescription=\"slide\" aria-label=\"9 of 16\"><a data-elementor-open-lightbox=\"yes\" data-elementor-lightbox-slideshow=\"e111dde\" data-elementor-lightbox-description=\"L&#039;attente.\" data-e-action-hash=\"#elementor-action%3Aaction%3Dlightbox%26settings%3DeyJpZCI6MTA1NSwidXJsIjoiaHR0cHM6XC9cL2plYW5sb3Vpc2NvdXJ0aW5hdC5mclwvd3AtY29udGVudFwvdXBsb2Fkc1wvMjAyNFwvMDFcLzAxNS1sYXR0ZW50ZS1zY2FsZWQuanBnIiwic2xpZGVzaG93IjoiZTExMWRkZSJ9\" href=\"https:\/\/jeanlouiscourtinat.fr\/wp-content\/uploads\/2024\/01\/015-lattente-scaled.jpg\"><figure class=\"swiper-slide-inner\"><img decoding=\"async\" class=\"swiper-slide-image\" src=\"https:\/\/jeanlouiscourtinat.fr\/wp-content\/uploads\/2024\/01\/015-lattente-scaled.jpg\" alt=\"L&#039;attente.\" \/><figcaption class=\"elementor-image-carousel-caption\">L'attente.<\/figcaption><\/figure><\/a><\/div><div class=\"swiper-slide\" role=\"group\" aria-roledescription=\"slide\" aria-label=\"10 of 16\"><a data-elementor-open-lightbox=\"yes\" data-elementor-lightbox-slideshow=\"e111dde\" data-elementor-lightbox-description=\"Le m\u00e9decin et l&#039;assistante sociale aupr\u00e8s d&#039;une malade.\" data-e-action-hash=\"#elementor-action%3Aaction%3Dlightbox%26settings%3DeyJpZCI6MTA1NCwidXJsIjoiaHR0cHM6XC9cL2plYW5sb3Vpc2NvdXJ0aW5hdC5mclwvd3AtY29udGVudFwvdXBsb2Fkc1wvMjAyNFwvMDFcLzAxNC1MZS1tZWRlY2luLWV0LWxhc3Npc3RhbnRlLXNvY2lhbGUtYXVwcmVzLWR1bmUtbWFsYWRlLXNjYWxlZC5qcGciLCJzbGlkZXNob3ciOiJlMTExZGRlIn0%3D\" href=\"https:\/\/jeanlouiscourtinat.fr\/wp-content\/uploads\/2024\/01\/014-Le-medecin-et-lassistante-sociale-aupres-dune-malade-scaled.jpg\"><figure class=\"swiper-slide-inner\"><img decoding=\"async\" class=\"swiper-slide-image\" src=\"https:\/\/jeanlouiscourtinat.fr\/wp-content\/uploads\/2024\/01\/014-Le-medecin-et-lassistante-sociale-aupres-dune-malade-scaled.jpg\" alt=\"Le m\u00e9decin et l&#039;assistante sociale aupr\u00e8s d&#039;une malade.\" \/><figcaption class=\"elementor-image-carousel-caption\">Le m\u00e9decin et l'assistante sociale aupr\u00e8s d'une malade.<\/figcaption><\/figure><\/a><\/div><div class=\"swiper-slide\" role=\"group\" aria-roledescription=\"slide\" aria-label=\"11 of 16\"><a data-elementor-open-lightbox=\"yes\" data-elementor-lightbox-slideshow=\"e111dde\" data-elementor-lightbox-description=\"Madeleine.\" data-e-action-hash=\"#elementor-action%3Aaction%3Dlightbox%26settings%3DeyJpZCI6MTA1NiwidXJsIjoiaHR0cHM6XC9cL2plYW5sb3Vpc2NvdXJ0aW5hdC5mclwvd3AtY29udGVudFwvdXBsb2Fkc1wvMjAyNFwvMDFcLzAzLU1hZGVsZWluZS1SRC5qcGciLCJzbGlkZXNob3ciOiJlMTExZGRlIn0%3D\" href=\"https:\/\/jeanlouiscourtinat.fr\/wp-content\/uploads\/2024\/01\/03-Madeleine-RD.jpg\"><figure class=\"swiper-slide-inner\"><img decoding=\"async\" class=\"swiper-slide-image\" src=\"https:\/\/jeanlouiscourtinat.fr\/wp-content\/uploads\/2024\/01\/03-Madeleine-RD.jpg\" alt=\"Madeleine.\" \/><figcaption class=\"elementor-image-carousel-caption\">Madeleine.<\/figcaption><\/figure><\/a><\/div><div class=\"swiper-slide\" role=\"group\" aria-roledescription=\"slide\" aria-label=\"12 of 16\"><a data-elementor-open-lightbox=\"yes\" data-elementor-lightbox-slideshow=\"e111dde\" data-elementor-lightbox-description=\"Germaine sur son lit.\" data-e-action-hash=\"#elementor-action%3Aaction%3Dlightbox%26settings%3DeyJpZCI6MTA1MiwidXJsIjoiaHR0cHM6XC9cL2plYW5sb3Vpc2NvdXJ0aW5hdC5mclwvd3AtY29udGVudFwvdXBsb2Fkc1wvMjAyNFwvMDFcLzAxMS1HZXJtYWluZS1zdXItc29uLWxpdC1zY2FsZWQuanBnIiwic2xpZGVzaG93IjoiZTExMWRkZSJ9\" href=\"https:\/\/jeanlouiscourtinat.fr\/wp-content\/uploads\/2024\/01\/011-Germaine-sur-son-lit-scaled.jpg\"><figure class=\"swiper-slide-inner\"><img decoding=\"async\" class=\"swiper-slide-image\" src=\"https:\/\/jeanlouiscourtinat.fr\/wp-content\/uploads\/2024\/01\/011-Germaine-sur-son-lit-scaled.jpg\" alt=\"Germaine sur son lit.\" \/><figcaption class=\"elementor-image-carousel-caption\">Germaine sur son lit.<\/figcaption><\/figure><\/a><\/div><div class=\"swiper-slide\" role=\"group\" aria-roledescription=\"slide\" aria-label=\"13 of 16\"><a data-elementor-open-lightbox=\"yes\" data-elementor-lightbox-slideshow=\"e111dde\" data-elementor-lightbox-description=\"Madeleine d\u00e9ambule dans le service.\" data-e-action-hash=\"#elementor-action%3Aaction%3Dlightbox%26settings%3DeyJpZCI6MTA1MCwidXJsIjoiaHR0cHM6XC9cL2plYW5sb3Vpc2NvdXJ0aW5hdC5mclwvd3AtY29udGVudFwvdXBsb2Fkc1wvMjAyNFwvMDFcLzA5LU1hZGVsZWluZS1kZWFtYnVsZS1kYW5zLWxlLXNlcnZpY2Utc2NhbGVkLmpwZyIsInNsaWRlc2hvdyI6ImUxMTFkZGUifQ%3D%3D\" href=\"https:\/\/jeanlouiscourtinat.fr\/wp-content\/uploads\/2024\/01\/09-Madeleine-deambule-dans-le-service-scaled.jpg\"><figure class=\"swiper-slide-inner\"><img decoding=\"async\" class=\"swiper-slide-image\" src=\"https:\/\/jeanlouiscourtinat.fr\/wp-content\/uploads\/2024\/01\/09-Madeleine-deambule-dans-le-service-scaled.jpg\" alt=\"Madeleine d\u00e9ambule dans le service.\" \/><figcaption class=\"elementor-image-carousel-caption\">Madeleine d\u00e9ambule dans le service.<\/figcaption><\/figure><\/a><\/div><div class=\"swiper-slide\" role=\"group\" aria-roledescription=\"slide\" aria-label=\"14 of 16\"><a data-elementor-open-lightbox=\"yes\" data-elementor-lightbox-slideshow=\"e111dde\" data-elementor-lightbox-description=\"Germaine dans la douche.\" data-e-action-hash=\"#elementor-action%3Aaction%3Dlightbox%26settings%3DeyJpZCI6MTA1OSwidXJsIjoiaHR0cHM6XC9cL2plYW5sb3Vpc2NvdXJ0aW5hdC5mclwvd3AtY29udGVudFwvdXBsb2Fkc1wvMjAyNFwvMDFcLzA4LUdlcm1haW5lLWRhbnMtbGEtZG91Y2hlLVJELmpwZyIsInNsaWRlc2hvdyI6ImUxMTFkZGUifQ%3D%3D\" href=\"https:\/\/jeanlouiscourtinat.fr\/wp-content\/uploads\/2024\/01\/08-Germaine-dans-la-douche-RD.jpg\"><figure class=\"swiper-slide-inner\"><img decoding=\"async\" class=\"swiper-slide-image\" src=\"https:\/\/jeanlouiscourtinat.fr\/wp-content\/uploads\/2024\/01\/08-Germaine-dans-la-douche-RD.jpg\" alt=\"Germaine dans la douche.\" \/><figcaption class=\"elementor-image-carousel-caption\">Germaine dans la douche.<\/figcaption><\/figure><\/a><\/div><div class=\"swiper-slide\" role=\"group\" aria-roledescription=\"slide\" aria-label=\"15 of 16\"><a data-elementor-open-lightbox=\"yes\" data-elementor-lightbox-slideshow=\"e111dde\" data-elementor-lightbox-description=\"L&#039;anniversaire.\" data-e-action-hash=\"#elementor-action%3Aaction%3Dlightbox%26settings%3DeyJpZCI6MTA0OSwidXJsIjoiaHR0cHM6XC9cL2plYW5sb3Vpc2NvdXJ0aW5hdC5mclwvd3AtY29udGVudFwvdXBsb2Fkc1wvMjAyNFwvMDFcLzA3LUxhbm5pdmVyc2FpcmUtc2NhbGVkLmpwZyIsInNsaWRlc2hvdyI6ImUxMTFkZGUifQ%3D%3D\" href=\"https:\/\/jeanlouiscourtinat.fr\/wp-content\/uploads\/2024\/01\/07-Lanniversaire-scaled.jpg\"><figure class=\"swiper-slide-inner\"><img decoding=\"async\" class=\"swiper-slide-image\" src=\"https:\/\/jeanlouiscourtinat.fr\/wp-content\/uploads\/2024\/01\/07-Lanniversaire-scaled.jpg\" alt=\"L&#039;anniversaire.\" \/><figcaption class=\"elementor-image-carousel-caption\">L'anniversaire.<\/figcaption><\/figure><\/a><\/div><div class=\"swiper-slide\" role=\"group\" aria-roledescription=\"slide\" aria-label=\"16 of 16\"><a data-elementor-open-lightbox=\"yes\" data-elementor-lightbox-slideshow=\"e111dde\" data-elementor-lightbox-description=\"Georgette dans son lit.\" data-e-action-hash=\"#elementor-action%3Aaction%3Dlightbox%26settings%3DeyJpZCI6MTA1OCwidXJsIjoiaHR0cHM6XC9cL2plYW5sb3Vpc2NvdXJ0aW5hdC5mclwvd3AtY29udGVudFwvdXBsb2Fkc1wvMjAyNFwvMDFcLzA2LUdlb3JnZXR0ZS1kYW5zLXNvbi1saXQtUkQuanBnIiwic2xpZGVzaG93IjoiZTExMWRkZSJ9\" href=\"https:\/\/jeanlouiscourtinat.fr\/wp-content\/uploads\/2024\/01\/06-Georgette-dans-son-lit-RD.jpg\"><figure class=\"swiper-slide-inner\"><img decoding=\"async\" class=\"swiper-slide-image\" src=\"https:\/\/jeanlouiscourtinat.fr\/wp-content\/uploads\/2024\/01\/06-Georgette-dans-son-lit-RD.jpg\" alt=\"Georgette dans son lit.\" \/><figcaption class=\"elementor-image-carousel-caption\">Georgette dans son lit.<\/figcaption><\/figure><\/a><\/div>\t\t\t<\/div>\n\t\t\t\t\t\t\t\t\t\t\t\t<div class=\"elementor-swiper-button elementor-swiper-button-prev\" role=\"button\" tabindex=\"0\">\n\t\t\t\t\t\t<svg aria-hidden=\"true\" class=\"e-font-icon-svg e-eicon-chevron-left\" viewBox=\"0 0 1000 1000\" xmlns=\"http:\/\/www.w3.org\/2000\/svg\"><path d=\"M646 125C629 125 613 133 604 142L308 442C296 454 292 471 292 487 292 504 296 521 308 533L604 854C617 867 629 875 646 875 663 875 679 871 692 858 704 846 713 829 713 812 713 796 708 779 692 767L438 487 692 225C700 217 708 204 708 187 708 171 704 154 692 142 675 129 663 125 646 125Z\"><\/path><\/svg>\t\t\t\t\t<\/div>\n\t\t\t\t\t<div class=\"elementor-swiper-button elementor-swiper-button-next\" role=\"button\" tabindex=\"0\">\n\t\t\t\t\t\t<svg aria-hidden=\"true\" class=\"e-font-icon-svg e-eicon-chevron-right\" viewBox=\"0 0 1000 1000\" xmlns=\"http:\/\/www.w3.org\/2000\/svg\"><path d=\"M696 533C708 521 713 504 713 487 713 471 708 454 696 446L400 146C388 133 375 125 354 125 338 125 325 129 313 142 300 154 292 171 292 187 292 204 296 221 308 233L563 492 304 771C292 783 288 800 288 817 288 833 296 850 308 863 321 871 338 875 354 875 371 875 388 867 400 854L696 533Z\"><\/path><\/svg>\t\t\t\t\t<\/div>\n\t\t\t\t\n\t\t\t\t\t\t\t\t\t<div class=\"swiper-pagination\"><\/div>\n\t\t\t\t\t\t\t\t\t<\/div>\n\t\t\t\t\t\t<\/div>\n\t\t\t\t<\/div>\n\t\t\t\t<\/div>\n\t\t<div class=\"elementor-element elementor-element-9a51fc9 e-con-full e-flex wpr-particle-no wpr-jarallax-no wpr-parallax-no wpr-sticky-section-no e-con e-child\" data-id=\"9a51fc9\" data-element_type=\"container\">\n\t\t\t\t<div class=\"elementor-element elementor-element-23d69ea elementor-widget elementor-widget-heading\" data-id=\"23d69ea\" data-element_type=\"widget\" data-widget_type=\"heading.default\">\n\t\t\t\t<div class=\"elementor-widget-container\">\n\t\t\t\t\t<h1 class=\"elementor-heading-title elementor-size-default\">Fait et cause\n\n<br><br>\u00c9ditions Robert Delpire, 1994.\n\n<\/h1>\t\t\t\t<\/div>\n\t\t\t\t<\/div>\n\t\t\t\t<div class=\"elementor-element elementor-element-90237e5 elementor-widget elementor-widget-text-editor\" data-id=\"90237e5\" data-element_type=\"widget\" data-widget_type=\"text-editor.default\">\n\t\t\t\t<div class=\"elementor-widget-container\">\n\t\t\t\t\t\t\t\t\t<hr \/><p>Pendant plusieurs mois, j\u2019ai partag\u00e9 la vie des infirmi\u00e8res et aides-soignantes du centre de g\u00e9riatrie de l\u2019h\u00f4pital Paul-Brousse \u00e0 Villejuif. J\u2019ai v\u00e9cu leurs probl\u00e8mes quotidiens : conditions de travail difficiles, manque de temps pour s\u2019occuper des malades, insuffisance de personnel, d\u00e9shumanisation du service. Afin de r\u00e9aliser un v\u00e9ritable travail d\u2019\u00e9quipe, j\u2019ai demand\u00e9 aux soignants de commenter mes photographies en \u00e9crivant leurs angoisses, leur d\u00e9sarroi, leurs esp\u00e9rances. Tous ont r\u00e9pondu positivement. En signant leurs \u00e9crits, ils ont fait preuve de courage. Lorsque le livre est paru, je l\u2019ai montr\u00e9 au directeur de l\u2019h\u00f4pital\u2026 Un mois apr\u00e8s, il engageait des travaux pour refaire le r\u00e9fectoire et les douches immondes du service. Je fus particuli\u00e8rement fier de cette petite victoire qui justifie totalement mon engagement de photographe social.<\/p>\t\t\t\t\t\t\t\t<\/div>\n\t\t\t\t<\/div>\n\t\t\t\t<\/div>\n\t\t\t\t<\/div>\n\t\t\t\t<\/div>\n\t\t","protected":false},"excerpt":{"rendered":"<p>Fait et cause S\u00e9ance de kin\u00e9sith\u00e9rapie. H\u00e9l\u00e8ne et Georges. Jos\u00e9phine dans le couloir du service. Les deux amies. La visite du m\u00e9decin. Le petit d\u00e9jeuner. Madeleine refuse de se lever. L&#8217;aide-soignante tente de la raisonner. L&#8217;attente. Le m\u00e9decin et l&#8217;assistante sociale aupr\u00e8s d&#8217;une malade. Madeleine. Germaine sur son lit. Madeleine d\u00e9ambule dans le service. Germaine dans la douche. L&#8217;anniversaire. Georgette dans son lit. Fait et cause \u00c9ditions Robert Delpire, 1994. Pendant plusieurs mois, j\u2019ai partag\u00e9 la vie des infirmi\u00e8res et aides-soignantes du centre de g\u00e9riatrie de l\u2019h\u00f4pital Paul-Brousse \u00e0 Villejuif. J\u2019ai v\u00e9cu leurs probl\u00e8mes quotidiens : conditions de travail difficiles, manque de temps pour s\u2019occuper des malades, insuffisance de personnel, d\u00e9shumanisation du service. Afin de r\u00e9aliser un v\u00e9ritable travail d\u2019\u00e9quipe, j\u2019ai demand\u00e9 aux soignants de commenter mes photographies en \u00e9crivant leurs angoisses, leur d\u00e9sarroi, leurs esp\u00e9rances. Tous ont r\u00e9pondu positivement. En signant leurs \u00e9crits, ils ont fait preuve de courage. Lorsque le livre est paru, je l\u2019ai montr\u00e9 au directeur de l\u2019h\u00f4pital\u2026 Un mois apr\u00e8s, il engageait des travaux pour refaire le r\u00e9fectoire et les douches immondes du service. Je fus particuli\u00e8rement fier de cette petite victoire qui justifie totalement mon engagement de photographe social.<\/p>\n","protected":false},"author":1,"featured_media":281,"parent":0,"menu_order":0,"comment_status":"closed","ping_status":"closed","template":"","meta":{"footnotes":""},"_links":{"self":[{"href":"https:\/\/jeanlouiscourtinat.fr\/index.php\/wp-json\/wp\/v2\/pages\/412"}],"collection":[{"href":"https:\/\/jeanlouiscourtinat.fr\/index.php\/wp-json\/wp\/v2\/pages"}],"about":[{"href":"https:\/\/jeanlouiscourtinat.fr\/index.php\/wp-json\/wp\/v2\/types\/page"}],"author":[{"embeddable":true,"href":"https:\/\/jeanlouiscourtinat.fr\/index.php\/wp-json\/wp\/v2\/users\/1"}],"replies":[{"embeddable":true,"href":"https:\/\/jeanlouiscourtinat.fr\/index.php\/wp-json\/wp\/v2\/comments?post=412"}],"version-history":[{"count":37,"href":"https:\/\/jeanlouiscourtinat.fr\/index.php\/wp-json\/wp\/v2\/pages\/412\/revisions"}],"predecessor-version":[{"id":2221,"href":"https:\/\/jeanlouiscourtinat.fr\/index.php\/wp-json\/wp\/v2\/pages\/412\/revisions\/2221"}],"wp:featuredmedia":[{"embeddable":true,"href":"https:\/\/jeanlouiscourtinat.fr\/index.php\/wp-json\/wp\/v2\/media\/281"}],"wp:attachment":[{"href":"https:\/\/jeanlouiscourtinat.fr\/index.php\/wp-json\/wp\/v2\/media?parent=412"}],"curies":[{"name":"wp","href":"https:\/\/api.w.org\/{rel}","templated":true}]}}