{"id":404,"date":"2024-01-14T22:32:44","date_gmt":"2024-01-14T22:32:44","guid":{"rendered":"https:\/\/jeanlouiscourtinat.fr\/?page_id=404"},"modified":"2024-01-29T09:44:24","modified_gmt":"2024-01-29T09:44:24","slug":"la-raison-du-plus-faible-2006","status":"publish","type":"page","link":"https:\/\/jeanlouiscourtinat.fr\/index.php\/la-raison-du-plus-faible-2006\/","title":{"rendered":"La raison du plus faible, 2006"},"content":{"rendered":"\t\t<div data-elementor-type=\"wp-page\" data-elementor-id=\"404\" class=\"elementor elementor-404\">\n\t\t\t\t<div class=\"elementor-element elementor-element-1971469 e-con-full e-flex wpr-particle-no wpr-jarallax-no wpr-parallax-no wpr-sticky-section-no e-con e-parent\" data-id=\"1971469\" data-element_type=\"container\">\n\t\t<div class=\"elementor-element elementor-element-84bae45 e-con-full e-flex wpr-particle-no wpr-jarallax-no wpr-parallax-no wpr-sticky-section-no e-con e-child\" data-id=\"84bae45\" data-element_type=\"container\">\n\t\t\t\t<div class=\"elementor-element elementor-element-2e6fff6 elementor-arrows-position-outside elementor-pagination-position-outside elementor-widget elementor-widget-image-carousel\" data-id=\"2e6fff6\" data-element_type=\"widget\" data-settings=\"{&quot;slides_to_show&quot;:&quot;1&quot;,&quot;navigation&quot;:&quot;both&quot;,&quot;autoplay&quot;:&quot;yes&quot;,&quot;pause_on_hover&quot;:&quot;yes&quot;,&quot;pause_on_interaction&quot;:&quot;yes&quot;,&quot;autoplay_speed&quot;:5000,&quot;infinite&quot;:&quot;yes&quot;,&quot;effect&quot;:&quot;slide&quot;,&quot;speed&quot;:500}\" data-widget_type=\"image-carousel.default\">\n\t\t\t\t<div class=\"elementor-widget-container\">\n\t\t\t\t\t\t\t<div class=\"elementor-image-carousel-wrapper swiper\" role=\"region\" aria-roledescription=\"carousel\" aria-label=\"Image Carousel\" dir=\"ltr\">\n\t\t\t<div class=\"elementor-image-carousel swiper-wrapper\" aria-live=\"off\">\n\t\t\t\t\t\t\t\t<div class=\"swiper-slide\" role=\"group\" aria-roledescription=\"slide\" aria-label=\"1 of 16\"><a data-elementor-open-lightbox=\"yes\" data-elementor-lightbox-slideshow=\"2e6fff6\" data-elementor-lightbox-description=\"La raison du plus faible\" data-e-action-hash=\"#elementor-action%3Aaction%3Dlightbox%26settings%3DeyJpZCI6MTMwMywidXJsIjoiaHR0cHM6XC9cL2plYW5sb3Vpc2NvdXJ0aW5hdC5mclwvd3AtY29udGVudFwvdXBsb2Fkc1wvMjAyNFwvMDFcL2NvdXZlcnR1cmUtUkQtNC5qcGciLCJzbGlkZXNob3ciOiIyZTZmZmY2In0%3D\" href=\"https:\/\/jeanlouiscourtinat.fr\/wp-content\/uploads\/2024\/01\/couverture-RD-4.jpg\"><figure class=\"swiper-slide-inner\"><img decoding=\"async\" class=\"swiper-slide-image\" src=\"https:\/\/jeanlouiscourtinat.fr\/wp-content\/uploads\/2024\/01\/couverture-RD-4.jpg\" alt=\"La raison du plus faible\" \/><figcaption class=\"elementor-image-carousel-caption\">La raison du plus faible<\/figcaption><\/figure><\/a><\/div><div class=\"swiper-slide\" role=\"group\" aria-roledescription=\"slide\" aria-label=\"2 of 16\"><a data-elementor-open-lightbox=\"yes\" data-elementor-lightbox-slideshow=\"2e6fff6\" data-elementor-lightbox-description=\"Serge ne quitte jamais son &quot;radiateur&quot;. Foyer de vie de Faugeras. Corr\u00e8ze.\" data-e-action-hash=\"#elementor-action%3Aaction%3Dlightbox%26settings%3DeyJpZCI6MTI5MSwidXJsIjoiaHR0cHM6XC9cL2plYW5sb3Vpc2NvdXJ0aW5hdC5mclwvd3AtY29udGVudFwvdXBsb2Fkc1wvMjAyNFwvMDFcLzA0LVNlcmdlLW5lLXF1aXR0ZS1qYW1haXMtbGUtcmFkaWF0ZXVyLXNjYWxlZC5qcGciLCJzbGlkZXNob3ciOiIyZTZmZmY2In0%3D\" href=\"https:\/\/jeanlouiscourtinat.fr\/wp-content\/uploads\/2024\/01\/04-Serge-ne-quitte-jamais-le-radiateur-scaled.jpg\"><figure class=\"swiper-slide-inner\"><img decoding=\"async\" class=\"swiper-slide-image\" src=\"https:\/\/jeanlouiscourtinat.fr\/wp-content\/uploads\/2024\/01\/04-Serge-ne-quitte-jamais-le-radiateur-scaled.jpg\" alt=\"Serge ne quitte jamais son &quot;radiateur&quot;. Foyer de vie de Faugeras. Corr\u00e8ze.\" \/><figcaption class=\"elementor-image-carousel-caption\">Serge ne quitte jamais son \"radiateur\". Foyer de vie de Faugeras. Corr\u00e8ze.<\/figcaption><\/figure><\/a><\/div><div class=\"swiper-slide\" role=\"group\" aria-roledescription=\"slide\" aria-label=\"3 of 16\"><a data-elementor-open-lightbox=\"yes\" data-elementor-lightbox-slideshow=\"2e6fff6\" data-elementor-lightbox-description=\"Michel, au foyer depuis 30 ans. Foyer de vie de Faugeras. Corr\u00e8ze.\" data-e-action-hash=\"#elementor-action%3Aaction%3Dlightbox%26settings%3DeyJpZCI6MTI5MywidXJsIjoiaHR0cHM6XC9cL2plYW5sb3Vpc2NvdXJ0aW5hdC5mclwvd3AtY29udGVudFwvdXBsb2Fkc1wvMjAyNFwvMDFcLzA3LU1pY2hlbC1hLUZhdWdlcmFzLWRlcHVpcy0zMC1hbnMtc2NhbGVkLmpwZyIsInNsaWRlc2hvdyI6IjJlNmZmZjYifQ%3D%3D\" href=\"https:\/\/jeanlouiscourtinat.fr\/wp-content\/uploads\/2024\/01\/07-Michel-a-Faugeras-depuis-30-ans-scaled.jpg\"><figure class=\"swiper-slide-inner\"><img decoding=\"async\" class=\"swiper-slide-image\" src=\"https:\/\/jeanlouiscourtinat.fr\/wp-content\/uploads\/2024\/01\/07-Michel-a-Faugeras-depuis-30-ans-scaled.jpg\" alt=\"Michel, au foyer depuis 30 ans. Foyer de vie de Faugeras. Corr\u00e8ze.\" \/><figcaption class=\"elementor-image-carousel-caption\">Michel, au foyer depuis 30 ans. Foyer de vie de Faugeras. Corr\u00e8ze.<\/figcaption><\/figure><\/a><\/div><div class=\"swiper-slide\" role=\"group\" aria-roledescription=\"slide\" aria-label=\"4 of 16\"><a data-elementor-open-lightbox=\"yes\" data-elementor-lightbox-slideshow=\"2e6fff6\" data-elementor-lightbox-description=\"Jean-Charles. Foyer de vie de Faugeras. Corr\u00e8ze.\" data-e-action-hash=\"#elementor-action%3Aaction%3Dlightbox%26settings%3DeyJpZCI6MTI4OSwidXJsIjoiaHR0cHM6XC9cL2plYW5sb3Vpc2NvdXJ0aW5hdC5mclwvd3AtY29udGVudFwvdXBsb2Fkc1wvMjAyNFwvMDFcLzAzLUplYW4tQ2hhcmxlcy1zY2FsZWQuanBnIiwic2xpZGVzaG93IjoiMmU2ZmZmNiJ9\" href=\"https:\/\/jeanlouiscourtinat.fr\/wp-content\/uploads\/2024\/01\/03-Jean-Charles-scaled.jpg\"><figure class=\"swiper-slide-inner\"><img decoding=\"async\" class=\"swiper-slide-image\" src=\"https:\/\/jeanlouiscourtinat.fr\/wp-content\/uploads\/2024\/01\/03-Jean-Charles-scaled.jpg\" alt=\"Jean-Charles. Foyer de vie de Faugeras. Corr\u00e8ze.\" \/><figcaption class=\"elementor-image-carousel-caption\">Jean-Charles. Foyer de vie de Faugeras. Corr\u00e8ze.<\/figcaption><\/figure><\/a><\/div><div class=\"swiper-slide\" role=\"group\" aria-roledescription=\"slide\" aria-label=\"5 of 16\"><a data-elementor-open-lightbox=\"yes\" data-elementor-lightbox-slideshow=\"2e6fff6\" data-elementor-lightbox-description=\"Chaque dimanche, Christian fait son tierc\u00e9 au caf\u00e9 du village. Foyer de vie de Faugeras. Corr\u00e8ze.\" data-e-action-hash=\"#elementor-action%3Aaction%3Dlightbox%26settings%3DeyJpZCI6MTMwMiwidXJsIjoiaHR0cHM6XC9cL2plYW5sb3Vpc2NvdXJ0aW5hdC5mclwvd3AtY29udGVudFwvdXBsb2Fkc1wvMjAyNFwvMDFcLzAxNC1DaGFxdWUtZGltYW5jaGUtQ2hyaXN0aWFuLWZhaXQtc29uLXRpZXJjZS4tUkQuanBnIiwic2xpZGVzaG93IjoiMmU2ZmZmNiJ9\" href=\"https:\/\/jeanlouiscourtinat.fr\/wp-content\/uploads\/2024\/01\/014-Chaque-dimanche-Christian-fait-son-tierce.-RD.jpg\"><figure class=\"swiper-slide-inner\"><img decoding=\"async\" class=\"swiper-slide-image\" src=\"https:\/\/jeanlouiscourtinat.fr\/wp-content\/uploads\/2024\/01\/014-Chaque-dimanche-Christian-fait-son-tierce.-RD.jpg\" alt=\"Chaque dimanche, Christian fait son tierc\u00e9 au caf\u00e9 du village. Foyer de vie de Faugeras. Corr\u00e8ze.\" \/><figcaption class=\"elementor-image-carousel-caption\">Chaque dimanche, Christian fait son tierc\u00e9 au caf\u00e9 du village. Foyer de vie de Faugeras. Corr\u00e8ze.<\/figcaption><\/figure><\/a><\/div><div class=\"swiper-slide\" role=\"group\" aria-roledescription=\"slide\" aria-label=\"6 of 16\"><a data-elementor-open-lightbox=\"yes\" data-elementor-lightbox-slideshow=\"2e6fff6\" data-elementor-lightbox-description=\"Christian dans sa chambre. Foyer de vie de Faugeras. Corr\u00e8ze.\" data-e-action-hash=\"#elementor-action%3Aaction%3Dlightbox%26settings%3DeyJpZCI6MTI5NiwidXJsIjoiaHR0cHM6XC9cL2plYW5sb3Vpc2NvdXJ0aW5hdC5mclwvd3AtY29udGVudFwvdXBsb2Fkc1wvMjAyNFwvMDFcLzAxMi1DaHJpc3RpYW4tZGFucy1zYS1jaGFtYnJlLXNjYWxlZC5qcGciLCJzbGlkZXNob3ciOiIyZTZmZmY2In0%3D\" href=\"https:\/\/jeanlouiscourtinat.fr\/wp-content\/uploads\/2024\/01\/012-Christian-dans-sa-chambre-scaled.jpg\"><figure class=\"swiper-slide-inner\"><img decoding=\"async\" class=\"swiper-slide-image\" src=\"https:\/\/jeanlouiscourtinat.fr\/wp-content\/uploads\/2024\/01\/012-Christian-dans-sa-chambre-scaled.jpg\" alt=\"Christian dans sa chambre. Foyer de vie de Faugeras. Corr\u00e8ze.\" \/><figcaption class=\"elementor-image-carousel-caption\">Christian dans sa chambre. Foyer de vie de Faugeras. Corr\u00e8ze.<\/figcaption><\/figure><\/a><\/div><div class=\"swiper-slide\" role=\"group\" aria-roledescription=\"slide\" aria-label=\"7 of 16\"><a data-elementor-open-lightbox=\"yes\" data-elementor-lightbox-slideshow=\"2e6fff6\" data-elementor-lightbox-description=\"Chaque matin, Ren\u00e9 fait les lits de tous les r\u00e9sidents. Foyer de vie de Faugeras. Corr\u00e8ze.\" data-e-action-hash=\"#elementor-action%3Aaction%3Dlightbox%26settings%3DeyJpZCI6MTI4NywidXJsIjoiaHR0cHM6XC9cL2plYW5sb3Vpc2NvdXJ0aW5hdC5mclwvd3AtY29udGVudFwvdXBsb2Fkc1wvMjAyNFwvMDFcLzAxLUNoYXF1ZS1tYXRpbi1SZW5lLWZhaXQtc29uLWxpdC1hdS1jYXJyZS1zY2FsZWQuanBnIiwic2xpZGVzaG93IjoiMmU2ZmZmNiJ9\" href=\"https:\/\/jeanlouiscourtinat.fr\/wp-content\/uploads\/2024\/01\/01-Chaque-matin-Rene-fait-son-lit-au-carre-scaled.jpg\"><figure class=\"swiper-slide-inner\"><img decoding=\"async\" class=\"swiper-slide-image\" src=\"https:\/\/jeanlouiscourtinat.fr\/wp-content\/uploads\/2024\/01\/01-Chaque-matin-Rene-fait-son-lit-au-carre-scaled.jpg\" alt=\"Chaque matin, Ren\u00e9 fait les lits de tous les r\u00e9sidents. Foyer de vie de Faugeras. Corr\u00e8ze.\" \/><figcaption class=\"elementor-image-carousel-caption\">Chaque matin, Ren\u00e9 fait les lits de tous les r\u00e9sidents. Foyer de vie de Faugeras. Corr\u00e8ze.<\/figcaption><\/figure><\/a><\/div><div class=\"swiper-slide\" role=\"group\" aria-roledescription=\"slide\" aria-label=\"8 of 16\"><a data-elementor-open-lightbox=\"yes\" data-elementor-lightbox-slideshow=\"2e6fff6\" data-elementor-lightbox-description=\"Pierre vient de perdre sa s\u0153ur. Il l&#039;accompagne au cimeti\u00e8re. Foyer de vie de Faugeras. Corr\u00e8ze.\" data-e-action-hash=\"#elementor-action%3Aaction%3Dlightbox%26settings%3DeyJpZCI6MTI5NCwidXJsIjoiaHR0cHM6XC9cL2plYW5sb3Vpc2NvdXJ0aW5hdC5mclwvd3AtY29udGVudFwvdXBsb2Fkc1wvMjAyNFwvMDFcLzA4LVBpZXJyZS1hLWxlbnRlcnJlbWVudC1kZS1zYS1ncmFuZGUtc29ldXItc2NhbGVkLmpwZyIsInNsaWRlc2hvdyI6IjJlNmZmZjYifQ%3D%3D\" href=\"https:\/\/jeanlouiscourtinat.fr\/wp-content\/uploads\/2024\/01\/08-Pierre-a-lenterrement-de-sa-grande-soeur-scaled.jpg\"><figure class=\"swiper-slide-inner\"><img decoding=\"async\" class=\"swiper-slide-image\" src=\"https:\/\/jeanlouiscourtinat.fr\/wp-content\/uploads\/2024\/01\/08-Pierre-a-lenterrement-de-sa-grande-soeur-scaled.jpg\" alt=\"Pierre vient de perdre sa s\u0153ur. Il l&#039;accompagne au cimeti\u00e8re. Foyer de vie de Faugeras. Corr\u00e8ze.\" \/><figcaption class=\"elementor-image-carousel-caption\">Pierre vient de perdre sa s\u0153ur. Il l'accompagne au cimeti\u00e8re. Foyer de vie de Faugeras. Corr\u00e8ze.<\/figcaption><\/figure><\/a><\/div><div class=\"swiper-slide\" role=\"group\" aria-roledescription=\"slide\" aria-label=\"9 of 16\"><a data-elementor-open-lightbox=\"yes\" data-elementor-lightbox-slideshow=\"2e6fff6\" data-elementor-lightbox-description=\"Odimba fait sa toilette. Foyer de vie de Faugeras. Corr\u00e8ze.\" data-e-action-hash=\"#elementor-action%3Aaction%3Dlightbox%26settings%3DeyJpZCI6MTI4OCwidXJsIjoiaHR0cHM6XC9cL2plYW5sb3Vpc2NvdXJ0aW5hdC5mclwvd3AtY29udGVudFwvdXBsb2Fkc1wvMjAyNFwvMDFcLzAyLU9kaW1iYS1kYW5zLWxhLXNhbGxlLWRlLWJhaW5zLXNjYWxlZC5qcGciLCJzbGlkZXNob3ciOiIyZTZmZmY2In0%3D\" href=\"https:\/\/jeanlouiscourtinat.fr\/wp-content\/uploads\/2024\/01\/02-Odimba-dans-la-salle-de-bains-scaled.jpg\"><figure class=\"swiper-slide-inner\"><img decoding=\"async\" class=\"swiper-slide-image\" src=\"https:\/\/jeanlouiscourtinat.fr\/wp-content\/uploads\/2024\/01\/02-Odimba-dans-la-salle-de-bains-scaled.jpg\" alt=\"Odimba fait sa toilette. Foyer de vie de Faugeras. Corr\u00e8ze.\" \/><figcaption class=\"elementor-image-carousel-caption\">Odimba fait sa toilette. Foyer de vie de Faugeras. Corr\u00e8ze.<\/figcaption><\/figure><\/a><\/div><div class=\"swiper-slide\" role=\"group\" aria-roledescription=\"slide\" aria-label=\"10 of 16\"><a data-elementor-open-lightbox=\"yes\" data-elementor-lightbox-slideshow=\"2e6fff6\" data-elementor-lightbox-description=\"Pierre et Rolland sont fr\u00e8res. Ils vivent au foyer depuis vingt ans. Foyer de vie de Faugeras. Corr\u00e8ze.\" data-e-action-hash=\"#elementor-action%3Aaction%3Dlightbox%26settings%3DeyJpZCI6MTMwMSwidXJsIjoiaHR0cHM6XC9cL2plYW5sb3Vpc2NvdXJ0aW5hdC5mclwvd3AtY29udGVudFwvdXBsb2Fkc1wvMjAyNFwvMDFcLzAxMC1MZXMtZGV1eC1mcmVyZXMtUGllcnJlLWV0LVJvbGFuZC4tUkQuanBnIiwic2xpZGVzaG93IjoiMmU2ZmZmNiJ9\" href=\"https:\/\/jeanlouiscourtinat.fr\/wp-content\/uploads\/2024\/01\/010-Les-deux-freres-Pierre-et-Roland.-RD.jpg\"><figure class=\"swiper-slide-inner\"><img decoding=\"async\" class=\"swiper-slide-image\" src=\"https:\/\/jeanlouiscourtinat.fr\/wp-content\/uploads\/2024\/01\/010-Les-deux-freres-Pierre-et-Roland.-RD.jpg\" alt=\"Pierre et Rolland sont fr\u00e8res. Ils vivent au foyer depuis vingt ans. Foyer de vie de Faugeras. Corr\u00e8ze.\" \/><figcaption class=\"elementor-image-carousel-caption\">Pierre et Rolland sont fr\u00e8res. Ils vivent au foyer depuis vingt ans. Foyer de vie de Faugeras. Corr\u00e8ze.<\/figcaption><\/figure><\/a><\/div><div class=\"swiper-slide\" role=\"group\" aria-roledescription=\"slide\" aria-label=\"11 of 16\"><a data-elementor-open-lightbox=\"yes\" data-elementor-lightbox-slideshow=\"2e6fff6\" data-elementor-lightbox-description=\"Ang\u00e9lique et David. Foyer de vie de Faugeras. Corr\u00e8ze.\" data-e-action-hash=\"#elementor-action%3Aaction%3Dlightbox%26settings%3DeyJpZCI6MTI5OSwidXJsIjoiaHR0cHM6XC9cL2plYW5sb3Vpc2NvdXJ0aW5hdC5mclwvd3AtY29udGVudFwvdXBsb2Fkc1wvMjAyNFwvMDFcLzA1LUFuZ2VsaXF1ZS1ldC1EYXZpZC4tUkQuanBnIiwic2xpZGVzaG93IjoiMmU2ZmZmNiJ9\" href=\"https:\/\/jeanlouiscourtinat.fr\/wp-content\/uploads\/2024\/01\/05-Angelique-et-David.-RD.jpg\"><figure class=\"swiper-slide-inner\"><img decoding=\"async\" class=\"swiper-slide-image\" src=\"https:\/\/jeanlouiscourtinat.fr\/wp-content\/uploads\/2024\/01\/05-Angelique-et-David.-RD.jpg\" alt=\"Ang\u00e9lique et David. Foyer de vie de Faugeras. Corr\u00e8ze.\" \/><figcaption class=\"elementor-image-carousel-caption\">Ang\u00e9lique et David. Foyer de vie de Faugeras. Corr\u00e8ze.<\/figcaption><\/figure><\/a><\/div><div class=\"swiper-slide\" role=\"group\" aria-roledescription=\"slide\" aria-label=\"12 of 16\"><a data-elementor-open-lightbox=\"yes\" data-elementor-lightbox-slideshow=\"2e6fff6\" data-elementor-lightbox-description=\"Odimba et Claude. Foyer de vie de Faugeras. Corr\u00e8ze.\" data-e-action-hash=\"#elementor-action%3Aaction%3Dlightbox%26settings%3DeyJpZCI6MTI5NywidXJsIjoiaHR0cHM6XC9cL2plYW5sb3Vpc2NvdXJ0aW5hdC5mclwvd3AtY29udGVudFwvdXBsb2Fkc1wvMjAyNFwvMDFcLzAxMy1DbGF1ZGUtZXQtT2RpbWJhLXNjYWxlZC5qcGciLCJzbGlkZXNob3ciOiIyZTZmZmY2In0%3D\" href=\"https:\/\/jeanlouiscourtinat.fr\/wp-content\/uploads\/2024\/01\/013-Claude-et-Odimba-scaled.jpg\"><figure class=\"swiper-slide-inner\"><img decoding=\"async\" class=\"swiper-slide-image\" src=\"https:\/\/jeanlouiscourtinat.fr\/wp-content\/uploads\/2024\/01\/013-Claude-et-Odimba-scaled.jpg\" alt=\"Odimba et Claude. Foyer de vie de Faugeras. Corr\u00e8ze.\" \/><figcaption class=\"elementor-image-carousel-caption\">Odimba et Claude. Foyer de vie de Faugeras. Corr\u00e8ze.<\/figcaption><\/figure><\/a><\/div><div class=\"swiper-slide\" role=\"group\" aria-roledescription=\"slide\" aria-label=\"13 of 16\"><a data-elementor-open-lightbox=\"yes\" data-elementor-lightbox-slideshow=\"2e6fff6\" data-elementor-lightbox-description=\"Marie-Pierre, \u00e9ducatrice, et Claude. Foyer de vie de Faugeras. Corr\u00e8ze.\" data-e-action-hash=\"#elementor-action%3Aaction%3Dlightbox%26settings%3DeyJpZCI6MTI5OCwidXJsIjoiaHR0cHM6XC9cL2plYW5sb3Vpc2NvdXJ0aW5hdC5mclwvd3AtY29udGVudFwvdXBsb2Fkc1wvMjAyNFwvMDFcLzAxNS1NYXJpZS1QaWVycmUtZWR1Y2F0cmljZS1ldC1DbGF1ZGUtc2NhbGVkLmpwZyIsInNsaWRlc2hvdyI6IjJlNmZmZjYifQ%3D%3D\" href=\"https:\/\/jeanlouiscourtinat.fr\/wp-content\/uploads\/2024\/01\/015-Marie-Pierre-educatrice-et-Claude-scaled.jpg\"><figure class=\"swiper-slide-inner\"><img decoding=\"async\" class=\"swiper-slide-image\" src=\"https:\/\/jeanlouiscourtinat.fr\/wp-content\/uploads\/2024\/01\/015-Marie-Pierre-educatrice-et-Claude-scaled.jpg\" alt=\"Marie-Pierre, \u00e9ducatrice, et Claude. Foyer de vie de Faugeras. Corr\u00e8ze.\" \/><figcaption class=\"elementor-image-carousel-caption\">Marie-Pierre, \u00e9ducatrice, et Claude. Foyer de vie de Faugeras. Corr\u00e8ze.<\/figcaption><\/figure><\/a><\/div><div class=\"swiper-slide\" role=\"group\" aria-roledescription=\"slide\" aria-label=\"14 of 16\"><a data-elementor-open-lightbox=\"yes\" data-elementor-lightbox-slideshow=\"2e6fff6\" data-elementor-lightbox-description=\"R\u00e9sidents dans le parc. Foyer de vie de Faugeras. Corr\u00e8ze.\" data-e-action-hash=\"#elementor-action%3Aaction%3Dlightbox%26settings%3DeyJpZCI6MTMwMCwidXJsIjoiaHR0cHM6XC9cL2plYW5sb3Vpc2NvdXJ0aW5hdC5mclwvd3AtY29udGVudFwvdXBsb2Fkc1wvMjAyNFwvMDFcLzA5LURhbnMtbGUtcGFyYy1kZS1GYXVnZXJhcy4tUkQuanBnIiwic2xpZGVzaG93IjoiMmU2ZmZmNiJ9\" href=\"https:\/\/jeanlouiscourtinat.fr\/wp-content\/uploads\/2024\/01\/09-Dans-le-parc-de-Faugeras.-RD.jpg\"><figure class=\"swiper-slide-inner\"><img decoding=\"async\" class=\"swiper-slide-image\" src=\"https:\/\/jeanlouiscourtinat.fr\/wp-content\/uploads\/2024\/01\/09-Dans-le-parc-de-Faugeras.-RD.jpg\" alt=\"R\u00e9sidents dans le parc. Foyer de vie de Faugeras. Corr\u00e8ze.\" \/><figcaption class=\"elementor-image-carousel-caption\">R\u00e9sidents dans le parc. Foyer de vie de Faugeras. Corr\u00e8ze.<\/figcaption><\/figure><\/a><\/div><div class=\"swiper-slide\" role=\"group\" aria-roledescription=\"slide\" aria-label=\"15 of 16\"><a data-elementor-open-lightbox=\"yes\" data-elementor-lightbox-slideshow=\"2e6fff6\" data-elementor-lightbox-description=\"L&#039;anniversaire d&#039;Ang\u00e9lique. Foyer de vie de Faugeras. Corr\u00e8ze.\" data-e-action-hash=\"#elementor-action%3Aaction%3Dlightbox%26settings%3DeyJpZCI6MTI5NSwidXJsIjoiaHR0cHM6XC9cL2plYW5sb3Vpc2NvdXJ0aW5hdC5mclwvd3AtY29udGVudFwvdXBsb2Fkc1wvMjAyNFwvMDFcLzAxMS1MYW5uaXZlcnNhaXJlLXNjYWxlZC5qcGciLCJzbGlkZXNob3ciOiIyZTZmZmY2In0%3D\" href=\"https:\/\/jeanlouiscourtinat.fr\/wp-content\/uploads\/2024\/01\/011-Lanniversaire-scaled.jpg\"><figure class=\"swiper-slide-inner\"><img decoding=\"async\" class=\"swiper-slide-image\" src=\"https:\/\/jeanlouiscourtinat.fr\/wp-content\/uploads\/2024\/01\/011-Lanniversaire-scaled.jpg\" alt=\"L&#039;anniversaire d&#039;Ang\u00e9lique. Foyer de vie de Faugeras. Corr\u00e8ze.\" \/><figcaption class=\"elementor-image-carousel-caption\">L'anniversaire d'Ang\u00e9lique. Foyer de vie de Faugeras. Corr\u00e8ze.<\/figcaption><\/figure><\/a><\/div><div class=\"swiper-slide\" role=\"group\" aria-roledescription=\"slide\" aria-label=\"16 of 16\"><a data-elementor-open-lightbox=\"yes\" data-elementor-lightbox-slideshow=\"2e6fff6\" data-elementor-lightbox-description=\"Paule dans sa chambre. Foyer de vie de Faugeras. Corr\u00e8ze.\" data-e-action-hash=\"#elementor-action%3Aaction%3Dlightbox%26settings%3DeyJpZCI6MTI5MiwidXJsIjoiaHR0cHM6XC9cL2plYW5sb3Vpc2NvdXJ0aW5hdC5mclwvd3AtY29udGVudFwvdXBsb2Fkc1wvMjAyNFwvMDFcLzA2LVBhdWxlLWRhbnMtc2EtY2hhbWJyZS1zY2FsZWQuanBnIiwic2xpZGVzaG93IjoiMmU2ZmZmNiJ9\" href=\"https:\/\/jeanlouiscourtinat.fr\/wp-content\/uploads\/2024\/01\/06-Paule-dans-sa-chambre-scaled.jpg\"><figure class=\"swiper-slide-inner\"><img decoding=\"async\" class=\"swiper-slide-image\" src=\"https:\/\/jeanlouiscourtinat.fr\/wp-content\/uploads\/2024\/01\/06-Paule-dans-sa-chambre-scaled.jpg\" alt=\"Paule dans sa chambre. Foyer de vie de Faugeras. Corr\u00e8ze.\" \/><figcaption class=\"elementor-image-carousel-caption\">Paule dans sa chambre. Foyer de vie de Faugeras. Corr\u00e8ze.<\/figcaption><\/figure><\/a><\/div>\t\t\t<\/div>\n\t\t\t\t\t\t\t\t\t\t\t\t<div class=\"elementor-swiper-button elementor-swiper-button-prev\" role=\"button\" tabindex=\"0\">\n\t\t\t\t\t\t<svg aria-hidden=\"true\" class=\"e-font-icon-svg e-eicon-chevron-left\" viewBox=\"0 0 1000 1000\" xmlns=\"http:\/\/www.w3.org\/2000\/svg\"><path d=\"M646 125C629 125 613 133 604 142L308 442C296 454 292 471 292 487 292 504 296 521 308 533L604 854C617 867 629 875 646 875 663 875 679 871 692 858 704 846 713 829 713 812 713 796 708 779 692 767L438 487 692 225C700 217 708 204 708 187 708 171 704 154 692 142 675 129 663 125 646 125Z\"><\/path><\/svg>\t\t\t\t\t<\/div>\n\t\t\t\t\t<div class=\"elementor-swiper-button elementor-swiper-button-next\" role=\"button\" tabindex=\"0\">\n\t\t\t\t\t\t<svg aria-hidden=\"true\" class=\"e-font-icon-svg e-eicon-chevron-right\" viewBox=\"0 0 1000 1000\" xmlns=\"http:\/\/www.w3.org\/2000\/svg\"><path d=\"M696 533C708 521 713 504 713 487 713 471 708 454 696 446L400 146C388 133 375 125 354 125 338 125 325 129 313 142 300 154 292 171 292 187 292 204 296 221 308 233L563 492 304 771C292 783 288 800 288 817 288 833 296 850 308 863 321 871 338 875 354 875 371 875 388 867 400 854L696 533Z\"><\/path><\/svg>\t\t\t\t\t<\/div>\n\t\t\t\t\n\t\t\t\t\t\t\t\t\t<div class=\"swiper-pagination\"><\/div>\n\t\t\t\t\t\t\t\t\t<\/div>\n\t\t\t\t\t\t<\/div>\n\t\t\t\t<\/div>\n\t\t\t\t<\/div>\n\t\t<div class=\"elementor-element elementor-element-d4ae1af e-con-full e-flex wpr-particle-no wpr-jarallax-no wpr-parallax-no wpr-sticky-section-no e-con e-child\" data-id=\"d4ae1af\" data-element_type=\"container\">\n\t\t\t\t<div class=\"elementor-element elementor-element-188cafc elementor-widget elementor-widget-heading\" data-id=\"188cafc\" data-element_type=\"widget\" data-widget_type=\"heading.default\">\n\t\t\t\t<div class=\"elementor-widget-container\">\n\t\t\t\t\t<h1 class=\"elementor-heading-title elementor-size-default\">La raison du plus faible\n<br><br>\u00c9ditions Robert Delpire, 2006.<\/h1>\t\t\t\t<\/div>\n\t\t\t\t<\/div>\n\t\t\t\t<div class=\"elementor-element elementor-element-90346eb elementor-widget elementor-widget-text-editor\" data-id=\"90346eb\" data-element_type=\"widget\" data-widget_type=\"text-editor.default\">\n\t\t\t\t<div class=\"elementor-widget-container\">\n\t\t\t\t\t\t\t\t\t<hr \/><p>Octobre 2005. Cela fait maintenant plus d\u2019une ann\u00e9e que je me rends \u00e0 Faugeras, dans ce lieu de vie exemplaire situ\u00e9 en pleine Corr\u00e8ze et o\u00f9 je me sens bien. Peu \u00e0 peu mon livre prend corps et je sens que la fin de mon reportage arrive. Je sais qu\u2019il me sera difficile de quitter ce lieu. J\u2019y ai fait tant de rencontres saisissantes, les \u00e9motions y ont \u00e9t\u00e9 si fortes que j\u2019aimerais pouvoir les prolonger. Je regarde les photographies amass\u00e9es au fil du temps pass\u00e9 l\u00e0-bas. Ce que j\u2019ai enregistr\u00e9 est-il aussi riche que ce que j\u2019ai v\u00e9cu ?<br \/>J\u2019ai cherch\u00e9 autant que j\u2019ai pu \u00e0 rester disponible en vivant avec eux. J&#8217;ai beaucoup parl\u00e9 \u00e0 tous ceux que je photographiais, mais ai-je saisi l\u2019essentiel ? Le c\u0153ur du propos se trouve t-il d\u2019ailleurs dans ce qui est montr\u00e9 ou dans ce qui n\u2019est pas montr\u00e9 ? IL faudrait beaucoup plus que des photos pour que ces \u00eatres fragiles ne portent plus le fardeau de pr\u00e9jug\u00e9s et de tabous qui les livrent \u00e0 l\u2019oubli de tous.<\/p><p>Jean-Louis Courtinat.<\/p>\t\t\t\t\t\t\t\t<\/div>\n\t\t\t\t<\/div>\n\t\t\t\t<\/div>\n\t\t\t\t<\/div>\n\t\t\t\t<\/div>\n\t\t","protected":false},"excerpt":{"rendered":"<p>La raison du plus faible Serge ne quitte jamais son &#8220;radiateur&#8221;. Foyer de vie de Faugeras. Corr\u00e8ze. Michel, au foyer depuis 30 ans. Foyer de vie de Faugeras. Corr\u00e8ze. Jean-Charles. Foyer de vie de Faugeras. Corr\u00e8ze. Chaque dimanche, Christian fait son tierc\u00e9 au caf\u00e9 du village. Foyer de vie de Faugeras. Corr\u00e8ze. Christian dans sa chambre. Foyer de vie de Faugeras. Corr\u00e8ze. Chaque matin, Ren\u00e9 fait les lits de tous les r\u00e9sidents. Foyer de vie de Faugeras. Corr\u00e8ze. Pierre vient de perdre sa s\u0153ur. Il l&#8217;accompagne au cimeti\u00e8re. Foyer de vie de Faugeras. Corr\u00e8ze. Odimba fait sa toilette. Foyer de vie de Faugeras. Corr\u00e8ze. Pierre et Rolland sont fr\u00e8res. Ils vivent au foyer depuis vingt ans. Foyer de vie de Faugeras. Corr\u00e8ze. Ang\u00e9lique et David. Foyer de vie de Faugeras. Corr\u00e8ze. Odimba et Claude. Foyer de vie de Faugeras. Corr\u00e8ze. Marie-Pierre, \u00e9ducatrice, et Claude. Foyer de vie de Faugeras. Corr\u00e8ze. R\u00e9sidents dans le parc. Foyer de vie de Faugeras. Corr\u00e8ze. L&#8217;anniversaire d&#8217;Ang\u00e9lique. Foyer de vie de Faugeras. Corr\u00e8ze. Paule dans sa chambre. Foyer de vie de Faugeras. Corr\u00e8ze. La raison du plus faible \u00c9ditions Robert Delpire, 2006. Octobre 2005. Cela fait maintenant plus d\u2019une ann\u00e9e que je me rends \u00e0 Faugeras, dans ce lieu de vie exemplaire situ\u00e9 en pleine Corr\u00e8ze et o\u00f9 je me sens bien. Peu \u00e0 peu mon livre prend corps et je sens que la fin de mon reportage arrive. Je sais qu\u2019il me sera difficile de quitter ce lieu. J\u2019y ai fait tant de rencontres saisissantes, les \u00e9motions y ont \u00e9t\u00e9 si fortes que j\u2019aimerais pouvoir les prolonger. Je regarde les photographies amass\u00e9es au fil du temps pass\u00e9 l\u00e0-bas. Ce que j\u2019ai enregistr\u00e9 est-il aussi riche que ce que j\u2019ai v\u00e9cu ?J\u2019ai cherch\u00e9 autant que j\u2019ai pu \u00e0 rester disponible en vivant avec eux. J&#8217;ai beaucoup parl\u00e9 \u00e0 tous ceux que je photographiais, mais ai-je saisi l\u2019essentiel ? Le c\u0153ur du propos se trouve t-il d\u2019ailleurs dans ce qui est montr\u00e9 ou dans ce qui n\u2019est pas montr\u00e9 ? IL faudrait beaucoup plus que des photos pour que ces \u00eatres fragiles ne portent plus le fardeau de pr\u00e9jug\u00e9s et de tabous qui les livrent \u00e0 l\u2019oubli de tous. Jean-Louis Courtinat.<\/p>\n","protected":false},"author":1,"featured_media":283,"parent":0,"menu_order":0,"comment_status":"closed","ping_status":"closed","template":"","meta":{"footnotes":""},"_links":{"self":[{"href":"https:\/\/jeanlouiscourtinat.fr\/index.php\/wp-json\/wp\/v2\/pages\/404"}],"collection":[{"href":"https:\/\/jeanlouiscourtinat.fr\/index.php\/wp-json\/wp\/v2\/pages"}],"about":[{"href":"https:\/\/jeanlouiscourtinat.fr\/index.php\/wp-json\/wp\/v2\/types\/page"}],"author":[{"embeddable":true,"href":"https:\/\/jeanlouiscourtinat.fr\/index.php\/wp-json\/wp\/v2\/users\/1"}],"replies":[{"embeddable":true,"href":"https:\/\/jeanlouiscourtinat.fr\/index.php\/wp-json\/wp\/v2\/comments?post=404"}],"version-history":[{"count":22,"href":"https:\/\/jeanlouiscourtinat.fr\/index.php\/wp-json\/wp\/v2\/pages\/404\/revisions"}],"predecessor-version":[{"id":1477,"href":"https:\/\/jeanlouiscourtinat.fr\/index.php\/wp-json\/wp\/v2\/pages\/404\/revisions\/1477"}],"wp:featuredmedia":[{"embeddable":true,"href":"https:\/\/jeanlouiscourtinat.fr\/index.php\/wp-json\/wp\/v2\/media\/283"}],"wp:attachment":[{"href":"https:\/\/jeanlouiscourtinat.fr\/index.php\/wp-json\/wp\/v2\/media?parent=404"}],"curies":[{"name":"wp","href":"https:\/\/api.w.org\/{rel}","templated":true}]}}