{"id":364,"date":"2024-01-14T21:53:31","date_gmt":"2024-01-14T21:53:31","guid":{"rendered":"https:\/\/jeanlouiscourtinat.fr\/?page_id=364"},"modified":"2024-02-06T21:58:14","modified_gmt":"2024-02-06T21:58:14","slug":"vivre-encore-1990","status":"publish","type":"page","link":"https:\/\/jeanlouiscourtinat.fr\/index.php\/vivre-encore-1990\/","title":{"rendered":"Vivre encore, 1990"},"content":{"rendered":"\t\t<div data-elementor-type=\"wp-page\" data-elementor-id=\"364\" class=\"elementor elementor-364\">\n\t\t\t\t<div class=\"elementor-element elementor-element-729e1f0 e-con-full e-flex wpr-particle-no wpr-jarallax-no wpr-parallax-no wpr-sticky-section-no e-con e-parent\" data-id=\"729e1f0\" data-element_type=\"container\">\n\t\t<div class=\"elementor-element elementor-element-888c364 e-con-full e-flex wpr-particle-no wpr-jarallax-no wpr-parallax-no wpr-sticky-section-no e-con e-child\" data-id=\"888c364\" data-element_type=\"container\">\n\t\t\t\t<div class=\"elementor-element elementor-element-56fc5ed elementor-arrows-position-outside elementor-pagination-position-outside elementor-widget elementor-widget-image-carousel\" data-id=\"56fc5ed\" data-element_type=\"widget\" data-settings=\"{&quot;slides_to_show&quot;:&quot;1&quot;,&quot;navigation&quot;:&quot;both&quot;,&quot;autoplay&quot;:&quot;yes&quot;,&quot;pause_on_hover&quot;:&quot;yes&quot;,&quot;pause_on_interaction&quot;:&quot;yes&quot;,&quot;autoplay_speed&quot;:5000,&quot;infinite&quot;:&quot;yes&quot;,&quot;effect&quot;:&quot;slide&quot;,&quot;speed&quot;:500}\" data-widget_type=\"image-carousel.default\">\n\t\t\t\t<div class=\"elementor-widget-container\">\n\t\t\t\t\t\t\t<div class=\"elementor-image-carousel-wrapper swiper\" role=\"region\" aria-roledescription=\"carousel\" aria-label=\"Image Carousel\" dir=\"ltr\">\n\t\t\t<div class=\"elementor-image-carousel swiper-wrapper\" aria-live=\"off\">\n\t\t\t\t\t\t\t\t<div class=\"swiper-slide\" role=\"group\" aria-roledescription=\"slide\" aria-label=\"1 of 16\"><a data-elementor-open-lightbox=\"yes\" data-elementor-lightbox-slideshow=\"56fc5ed\" data-elementor-lightbox-description=\"Vivre encore\" data-e-action-hash=\"#elementor-action%3Aaction%3Dlightbox%26settings%3DeyJpZCI6MTYxOSwidXJsIjoiaHR0cHM6XC9cL2plYW5sb3Vpc2NvdXJ0aW5hdC5mclwvd3AtY29udGVudFwvdXBsb2Fkc1wvMjAyNFwvMDFcL1ZpdnJlLWxpYnJlLVJELTIuanBnIiwic2xpZGVzaG93IjoiNTZmYzVlZCJ9\" href=\"https:\/\/jeanlouiscourtinat.fr\/wp-content\/uploads\/2024\/01\/Vivre-libre-RD-2.jpg\"><figure class=\"swiper-slide-inner\"><img decoding=\"async\" class=\"swiper-slide-image\" src=\"https:\/\/jeanlouiscourtinat.fr\/wp-content\/uploads\/2024\/01\/Vivre-libre-RD-2.jpg\" alt=\"Livre : Vivre Encore\" \/><figcaption class=\"elementor-image-carousel-caption\">Vivre encore<\/figcaption><\/figure><\/a><\/div><div class=\"swiper-slide\" role=\"group\" aria-roledescription=\"slide\" aria-label=\"2 of 16\"><a data-elementor-open-lightbox=\"yes\" data-elementor-lightbox-slideshow=\"56fc5ed\" data-elementor-lightbox-description=\"L\u2019infirmi\u00e8re avec In\u00e8s dans le secteur st\u00e9rile.\" data-e-action-hash=\"#elementor-action%3Aaction%3Dlightbox%26settings%3DeyJpZCI6NTE5LCJ1cmwiOiJodHRwczpcL1wvamVhbmxvdWlzY291cnRpbmF0LmZyXC93cC1jb250ZW50XC91cGxvYWRzXC8yMDI0XC8wMVwvMDEtc2NhbGVkLmpwZyIsInNsaWRlc2hvdyI6IjU2ZmM1ZWQifQ%3D%3D\" href=\"https:\/\/jeanlouiscourtinat.fr\/wp-content\/uploads\/2024\/01\/01-scaled.jpg\"><figure class=\"swiper-slide-inner\"><img decoding=\"async\" class=\"swiper-slide-image\" src=\"https:\/\/jeanlouiscourtinat.fr\/wp-content\/uploads\/2024\/01\/01-scaled.jpg\" alt=\"Livre : Vivre Encore\" \/><figcaption class=\"elementor-image-carousel-caption\">L\u2019infirmi\u00e8re avec In\u00e8s dans le secteur st\u00e9rile.<\/figcaption><\/figure><\/a><\/div><div class=\"swiper-slide\" role=\"group\" aria-roledescription=\"slide\" aria-label=\"3 of 16\"><a data-elementor-open-lightbox=\"yes\" data-elementor-lightbox-slideshow=\"56fc5ed\" data-elementor-lightbox-description=\"Imen dans le couloir du service.\" data-e-action-hash=\"#elementor-action%3Aaction%3Dlightbox%26settings%3DeyJpZCI6NTIxLCJ1cmwiOiJodHRwczpcL1wvamVhbmxvdWlzY291cnRpbmF0LmZyXC93cC1jb250ZW50XC91cGxvYWRzXC8yMDI0XC8wMVwvMDItc2NhbGVkLmpwZyIsInNsaWRlc2hvdyI6IjU2ZmM1ZWQifQ%3D%3D\" href=\"https:\/\/jeanlouiscourtinat.fr\/wp-content\/uploads\/2024\/01\/02-scaled.jpg\"><figure class=\"swiper-slide-inner\"><img decoding=\"async\" class=\"swiper-slide-image\" src=\"https:\/\/jeanlouiscourtinat.fr\/wp-content\/uploads\/2024\/01\/02-scaled.jpg\" alt=\"Livre : Vivre Encore\" \/><figcaption class=\"elementor-image-carousel-caption\">Imen dans le couloir du service.<\/figcaption><\/figure><\/a><\/div><div class=\"swiper-slide\" role=\"group\" aria-roledescription=\"slide\" aria-label=\"4 of 16\"><a data-elementor-open-lightbox=\"yes\" data-elementor-lightbox-slideshow=\"56fc5ed\" data-elementor-lightbox-description=\"L\u2019infirmi\u00e8re c\u00e2line un jeune adolescent.\" data-e-action-hash=\"#elementor-action%3Aaction%3Dlightbox%26settings%3DeyJpZCI6NTI1LCJ1cmwiOiJodHRwczpcL1wvamVhbmxvdWlzY291cnRpbmF0LmZyXC93cC1jb250ZW50XC91cGxvYWRzXC8yMDI0XC8wMVwvMDYtc2NhbGVkLmpwZyIsInNsaWRlc2hvdyI6IjU2ZmM1ZWQifQ%3D%3D\" href=\"https:\/\/jeanlouiscourtinat.fr\/wp-content\/uploads\/2024\/01\/06-scaled.jpg\"><figure class=\"swiper-slide-inner\"><img decoding=\"async\" class=\"swiper-slide-image\" src=\"https:\/\/jeanlouiscourtinat.fr\/wp-content\/uploads\/2024\/01\/06-scaled.jpg\" alt=\"Livre : Vivre Encore\" \/><figcaption class=\"elementor-image-carousel-caption\">L\u2019infirmi\u00e8re c\u00e2line un jeune adolescent.<\/figcaption><\/figure><\/a><\/div><div class=\"swiper-slide\" role=\"group\" aria-roledescription=\"slide\" aria-label=\"5 of 16\"><a data-elementor-open-lightbox=\"yes\" data-elementor-lightbox-slideshow=\"56fc5ed\" data-elementor-lightbox-description=\"La visite du m\u00e9decin.\" data-e-action-hash=\"#elementor-action%3Aaction%3Dlightbox%26settings%3DeyJpZCI6NTI0LCJ1cmwiOiJodHRwczpcL1wvamVhbmxvdWlzY291cnRpbmF0LmZyXC93cC1jb250ZW50XC91cGxvYWRzXC8yMDI0XC8wMVwvMDUtc2NhbGVkLmpwZyIsInNsaWRlc2hvdyI6IjU2ZmM1ZWQifQ%3D%3D\" href=\"https:\/\/jeanlouiscourtinat.fr\/wp-content\/uploads\/2024\/01\/05-scaled.jpg\"><figure class=\"swiper-slide-inner\"><img decoding=\"async\" class=\"swiper-slide-image\" src=\"https:\/\/jeanlouiscourtinat.fr\/wp-content\/uploads\/2024\/01\/05-scaled.jpg\" alt=\"Livre : Vivre Encore\" \/><figcaption class=\"elementor-image-carousel-caption\">La visite du m\u00e9decin.<\/figcaption><\/figure><\/a><\/div><div class=\"swiper-slide\" role=\"group\" aria-roledescription=\"slide\" aria-label=\"6 of 16\"><a data-elementor-open-lightbox=\"yes\" data-elementor-lightbox-slideshow=\"56fc5ed\" data-elementor-lightbox-description=\"Didier adore se coiffer le matin.\" data-e-action-hash=\"#elementor-action%3Aaction%3Dlightbox%26settings%3DeyJpZCI6NTIyLCJ1cmwiOiJodHRwczpcL1wvamVhbmxvdWlzY291cnRpbmF0LmZyXC93cC1jb250ZW50XC91cGxvYWRzXC8yMDI0XC8wMVwvMDMtc2NhbGVkLmpwZyIsInNsaWRlc2hvdyI6IjU2ZmM1ZWQifQ%3D%3D\" href=\"https:\/\/jeanlouiscourtinat.fr\/wp-content\/uploads\/2024\/01\/03-scaled.jpg\"><figure class=\"swiper-slide-inner\"><img decoding=\"async\" class=\"swiper-slide-image\" src=\"https:\/\/jeanlouiscourtinat.fr\/wp-content\/uploads\/2024\/01\/03-scaled.jpg\" alt=\"Livre : Vivre Encore\" \/><figcaption class=\"elementor-image-carousel-caption\">Didier adore se coiffer le matin.<\/figcaption><\/figure><\/a><\/div><div class=\"swiper-slide\" role=\"group\" aria-roledescription=\"slide\" aria-label=\"7 of 16\"><a data-elementor-open-lightbox=\"yes\" data-elementor-lightbox-slideshow=\"56fc5ed\" data-elementor-lightbox-description=\"Le bain.\" data-e-action-hash=\"#elementor-action%3Aaction%3Dlightbox%26settings%3DeyJpZCI6NTI3LCJ1cmwiOiJodHRwczpcL1wvamVhbmxvdWlzY291cnRpbmF0LmZyXC93cC1jb250ZW50XC91cGxvYWRzXC8yMDI0XC8wMVwvMDgtc2NhbGVkLmpwZyIsInNsaWRlc2hvdyI6IjU2ZmM1ZWQifQ%3D%3D\" href=\"https:\/\/jeanlouiscourtinat.fr\/wp-content\/uploads\/2024\/01\/08-scaled.jpg\"><figure class=\"swiper-slide-inner\"><img decoding=\"async\" class=\"swiper-slide-image\" src=\"https:\/\/jeanlouiscourtinat.fr\/wp-content\/uploads\/2024\/01\/08-scaled.jpg\" alt=\"Livre : Vivre Encore\" \/><figcaption class=\"elementor-image-carousel-caption\">Le bain.<\/figcaption><\/figure><\/a><\/div><div class=\"swiper-slide\" role=\"group\" aria-roledescription=\"slide\" aria-label=\"8 of 16\"><a data-elementor-open-lightbox=\"yes\" data-elementor-lightbox-slideshow=\"56fc5ed\" data-elementor-lightbox-description=\"Bilal t\u00e9l\u00e9phone \u00e0 ses parents.\" data-e-action-hash=\"#elementor-action%3Aaction%3Dlightbox%26settings%3DeyJpZCI6NTIzLCJ1cmwiOiJodHRwczpcL1wvamVhbmxvdWlzY291cnRpbmF0LmZyXC93cC1jb250ZW50XC91cGxvYWRzXC8yMDI0XC8wMVwvMDQtc2NhbGVkLmpwZyIsInNsaWRlc2hvdyI6IjU2ZmM1ZWQifQ%3D%3D\" href=\"https:\/\/jeanlouiscourtinat.fr\/wp-content\/uploads\/2024\/01\/04-scaled.jpg\"><figure class=\"swiper-slide-inner\"><img decoding=\"async\" class=\"swiper-slide-image\" src=\"https:\/\/jeanlouiscourtinat.fr\/wp-content\/uploads\/2024\/01\/04-scaled.jpg\" alt=\"Livre : Vivre Encore\" \/><figcaption class=\"elementor-image-carousel-caption\">Bilal t\u00e9l\u00e9phone \u00e0 ses parents.<\/figcaption><\/figure><\/a><\/div><div class=\"swiper-slide\" role=\"group\" aria-roledescription=\"slide\" aria-label=\"9 of 16\"><a data-elementor-open-lightbox=\"yes\" data-elementor-lightbox-slideshow=\"56fc5ed\" data-elementor-lightbox-description=\"In\u00e8s et Im\u00e8ne, deux amies ins\u00e9parables.\" data-e-action-hash=\"#elementor-action%3Aaction%3Dlightbox%26settings%3DeyJpZCI6NjAxLCJ1cmwiOiJodHRwczpcL1wvamVhbmxvdWlzY291cnRpbmF0LmZyXC93cC1jb250ZW50XC91cGxvYWRzXC8yMDI0XC8wMVwvSW5lcy1ldC1JbWVuZS1kZXV4LWFtaWVzLWluc2VwYXJhYmxlcy1zY2FsZWQuanBnIiwic2xpZGVzaG93IjoiNTZmYzVlZCJ9\" href=\"https:\/\/jeanlouiscourtinat.fr\/wp-content\/uploads\/2024\/01\/Ines-et-Imene-deux-amies-inseparables-scaled.jpg\"><figure class=\"swiper-slide-inner\"><img decoding=\"async\" class=\"swiper-slide-image\" src=\"https:\/\/jeanlouiscourtinat.fr\/wp-content\/uploads\/2024\/01\/Ines-et-Imene-deux-amies-inseparables-scaled.jpg\" alt=\"Livre : Vivre Encore\" \/><figcaption class=\"elementor-image-carousel-caption\">In\u00e8s et Im\u00e8ne, deux amies ins\u00e9parables.<\/figcaption><\/figure><\/a><\/div><div class=\"swiper-slide\" role=\"group\" aria-roledescription=\"slide\" aria-label=\"10 of 16\"><a data-elementor-open-lightbox=\"yes\" data-elementor-lightbox-slideshow=\"56fc5ed\" data-elementor-lightbox-description=\"Sidalie.\" data-e-action-hash=\"#elementor-action%3Aaction%3Dlightbox%26settings%3DeyJpZCI6NTI5LCJ1cmwiOiJodHRwczpcL1wvamVhbmxvdWlzY291cnRpbmF0LmZyXC93cC1jb250ZW50XC91cGxvYWRzXC8yMDI0XC8wMVwvMDEwLXNjYWxlZC5qcGciLCJzbGlkZXNob3ciOiI1NmZjNWVkIn0%3D\" href=\"https:\/\/jeanlouiscourtinat.fr\/wp-content\/uploads\/2024\/01\/010-scaled.jpg\"><figure class=\"swiper-slide-inner\"><img decoding=\"async\" class=\"swiper-slide-image\" src=\"https:\/\/jeanlouiscourtinat.fr\/wp-content\/uploads\/2024\/01\/010-scaled.jpg\" alt=\"Livre : Vivre Encore\" \/><figcaption class=\"elementor-image-carousel-caption\">Sidalie.<\/figcaption><\/figure><\/a><\/div><div class=\"swiper-slide\" role=\"group\" aria-roledescription=\"slide\" aria-label=\"11 of 16\"><a data-elementor-open-lightbox=\"yes\" data-elementor-lightbox-slideshow=\"56fc5ed\" data-elementor-lightbox-description=\"Le c\u00e2lin.\" data-e-action-hash=\"#elementor-action%3Aaction%3Dlightbox%26settings%3DeyJpZCI6NTMxLCJ1cmwiOiJodHRwczpcL1wvamVhbmxvdWlzY291cnRpbmF0LmZyXC93cC1jb250ZW50XC91cGxvYWRzXC8yMDI0XC8wMVwvMDEyLXNjYWxlZC5qcGciLCJzbGlkZXNob3ciOiI1NmZjNWVkIn0%3D\" href=\"https:\/\/jeanlouiscourtinat.fr\/wp-content\/uploads\/2024\/01\/012-scaled.jpg\"><figure class=\"swiper-slide-inner\"><img decoding=\"async\" class=\"swiper-slide-image\" src=\"https:\/\/jeanlouiscourtinat.fr\/wp-content\/uploads\/2024\/01\/012-scaled.jpg\" alt=\"Livre : Vivre Encore\" \/><figcaption class=\"elementor-image-carousel-caption\">Le c\u00e2lin.<\/figcaption><\/figure><\/a><\/div><div class=\"swiper-slide\" role=\"group\" aria-roledescription=\"slide\" aria-label=\"12 of 16\"><a data-elementor-open-lightbox=\"yes\" data-elementor-lightbox-slideshow=\"56fc5ed\" data-elementor-lightbox-description=\"Didier sur son lit.\" data-e-action-hash=\"#elementor-action%3Aaction%3Dlightbox%26settings%3DeyJpZCI6NTMyLCJ1cmwiOiJodHRwczpcL1wvamVhbmxvdWlzY291cnRpbmF0LmZyXC93cC1jb250ZW50XC91cGxvYWRzXC8yMDI0XC8wMVwvMDEzLXNjYWxlZC5qcGciLCJzbGlkZXNob3ciOiI1NmZjNWVkIn0%3D\" href=\"https:\/\/jeanlouiscourtinat.fr\/wp-content\/uploads\/2024\/01\/013-scaled.jpg\"><figure class=\"swiper-slide-inner\"><img decoding=\"async\" class=\"swiper-slide-image\" src=\"https:\/\/jeanlouiscourtinat.fr\/wp-content\/uploads\/2024\/01\/013-scaled.jpg\" alt=\"Livre : Vivre Encore\" \/><figcaption class=\"elementor-image-carousel-caption\">Didier sur son lit.<\/figcaption><\/figure><\/a><\/div><div class=\"swiper-slide\" role=\"group\" aria-roledescription=\"slide\" aria-label=\"13 of 16\"><a data-elementor-open-lightbox=\"yes\" data-elementor-lightbox-slideshow=\"56fc5ed\" data-elementor-lightbox-description=\"Une infirmi\u00e8re donne le biberon \u00e0 St\u00e9phanie.\" data-e-action-hash=\"#elementor-action%3Aaction%3Dlightbox%26settings%3DeyJpZCI6NTMzLCJ1cmwiOiJodHRwczpcL1wvamVhbmxvdWlzY291cnRpbmF0LmZyXC93cC1jb250ZW50XC91cGxvYWRzXC8yMDI0XC8wMVwvMDE0LXNjYWxlZC5qcGciLCJzbGlkZXNob3ciOiI1NmZjNWVkIn0%3D\" href=\"https:\/\/jeanlouiscourtinat.fr\/wp-content\/uploads\/2024\/01\/014-scaled.jpg\"><figure class=\"swiper-slide-inner\"><img decoding=\"async\" class=\"swiper-slide-image\" src=\"https:\/\/jeanlouiscourtinat.fr\/wp-content\/uploads\/2024\/01\/014-scaled.jpg\" alt=\"Livre : Vivre Encore\" \/><figcaption class=\"elementor-image-carousel-caption\">Une infirmi\u00e8re donne le biberon \u00e0 St\u00e9phanie.<\/figcaption><\/figure><\/a><\/div><div class=\"swiper-slide\" role=\"group\" aria-roledescription=\"slide\" aria-label=\"14 of 16\"><a data-elementor-open-lightbox=\"yes\" data-elementor-lightbox-slideshow=\"56fc5ed\" data-elementor-lightbox-description=\"Une m\u00e8re et son fils dans leur chambre st\u00e9rile.\" data-e-action-hash=\"#elementor-action%3Aaction%3Dlightbox%26settings%3DeyJpZCI6NTM0LCJ1cmwiOiJodHRwczpcL1wvamVhbmxvdWlzY291cnRpbmF0LmZyXC93cC1jb250ZW50XC91cGxvYWRzXC8yMDI0XC8wMVwvMDE1LXNjYWxlZC5qcGciLCJzbGlkZXNob3ciOiI1NmZjNWVkIn0%3D\" href=\"https:\/\/jeanlouiscourtinat.fr\/wp-content\/uploads\/2024\/01\/015-scaled.jpg\"><figure class=\"swiper-slide-inner\"><img decoding=\"async\" class=\"swiper-slide-image\" src=\"https:\/\/jeanlouiscourtinat.fr\/wp-content\/uploads\/2024\/01\/015-scaled.jpg\" alt=\"Livre : Vivre Encore\" \/><figcaption class=\"elementor-image-carousel-caption\">Une m\u00e8re et son fils dans leur chambre st\u00e9rile.<\/figcaption><\/figure><\/a><\/div><div class=\"swiper-slide\" role=\"group\" aria-roledescription=\"slide\" aria-label=\"15 of 16\"><a data-elementor-open-lightbox=\"yes\" data-elementor-lightbox-slideshow=\"56fc5ed\" data-elementor-lightbox-description=\"La salle de classe.\" data-e-action-hash=\"#elementor-action%3Aaction%3Dlightbox%26settings%3DeyJpZCI6NjAyLCJ1cmwiOiJodHRwczpcL1wvamVhbmxvdWlzY291cnRpbmF0LmZyXC93cC1jb250ZW50XC91cGxvYWRzXC8yMDI0XC8wMVwvTGEtc2FsbGUtZGUtY2xhc3NlLXNjYWxlZC5qcGciLCJzbGlkZXNob3ciOiI1NmZjNWVkIn0%3D\" href=\"https:\/\/jeanlouiscourtinat.fr\/wp-content\/uploads\/2024\/01\/La-salle-de-classe-scaled.jpg\"><figure class=\"swiper-slide-inner\"><img decoding=\"async\" class=\"swiper-slide-image\" src=\"https:\/\/jeanlouiscourtinat.fr\/wp-content\/uploads\/2024\/01\/La-salle-de-classe-scaled.jpg\" alt=\"Livre : Vivre Encore\" \/><figcaption class=\"elementor-image-carousel-caption\">La salle de classe.<\/figcaption><\/figure><\/a><\/div><div class=\"swiper-slide\" role=\"group\" aria-roledescription=\"slide\" aria-label=\"16 of 16\"><a data-elementor-open-lightbox=\"yes\" data-elementor-lightbox-slideshow=\"56fc5ed\" data-elementor-lightbox-description=\"Nadia dans le couloir du service.\" data-e-action-hash=\"#elementor-action%3Aaction%3Dlightbox%26settings%3DeyJpZCI6NjAwLCJ1cmwiOiJodHRwczpcL1wvamVhbmxvdWlzY291cnRpbmF0LmZyXC93cC1jb250ZW50XC91cGxvYWRzXC8yMDI0XC8wMVwvTmFkaWEtZGFucy1sZS1jb3Vsb2lyLWR1LXNlcnZpY2Utc2NhbGVkLmpwZyIsInNsaWRlc2hvdyI6IjU2ZmM1ZWQifQ%3D%3D\" href=\"https:\/\/jeanlouiscourtinat.fr\/wp-content\/uploads\/2024\/01\/Nadia-dans-le-couloir-du-service-scaled.jpg\"><figure class=\"swiper-slide-inner\"><img decoding=\"async\" class=\"swiper-slide-image\" src=\"https:\/\/jeanlouiscourtinat.fr\/wp-content\/uploads\/2024\/01\/Nadia-dans-le-couloir-du-service-scaled.jpg\" alt=\"Livre : Vivre Encore\" \/><figcaption class=\"elementor-image-carousel-caption\">Nadia dans le couloir du service.<\/figcaption><\/figure><\/a><\/div>\t\t\t<\/div>\n\t\t\t\t\t\t\t\t\t\t\t\t<div class=\"elementor-swiper-button elementor-swiper-button-prev\" role=\"button\" tabindex=\"0\">\n\t\t\t\t\t\t<svg aria-hidden=\"true\" class=\"e-font-icon-svg e-eicon-chevron-left\" viewBox=\"0 0 1000 1000\" xmlns=\"http:\/\/www.w3.org\/2000\/svg\"><path d=\"M646 125C629 125 613 133 604 142L308 442C296 454 292 471 292 487 292 504 296 521 308 533L604 854C617 867 629 875 646 875 663 875 679 871 692 858 704 846 713 829 713 812 713 796 708 779 692 767L438 487 692 225C700 217 708 204 708 187 708 171 704 154 692 142 675 129 663 125 646 125Z\"><\/path><\/svg>\t\t\t\t\t<\/div>\n\t\t\t\t\t<div class=\"elementor-swiper-button elementor-swiper-button-next\" role=\"button\" tabindex=\"0\">\n\t\t\t\t\t\t<svg aria-hidden=\"true\" class=\"e-font-icon-svg e-eicon-chevron-right\" viewBox=\"0 0 1000 1000\" xmlns=\"http:\/\/www.w3.org\/2000\/svg\"><path d=\"M696 533C708 521 713 504 713 487 713 471 708 454 696 446L400 146C388 133 375 125 354 125 338 125 325 129 313 142 300 154 292 171 292 187 292 204 296 221 308 233L563 492 304 771C292 783 288 800 288 817 288 833 296 850 308 863 321 871 338 875 354 875 371 875 388 867 400 854L696 533Z\"><\/path><\/svg>\t\t\t\t\t<\/div>\n\t\t\t\t\n\t\t\t\t\t\t\t\t\t<div class=\"swiper-pagination\"><\/div>\n\t\t\t\t\t\t\t\t\t<\/div>\n\t\t\t\t\t\t<\/div>\n\t\t\t\t<\/div>\n\t\t\t\t<\/div>\n\t\t<div class=\"elementor-element elementor-element-d9862bf e-con-full e-flex wpr-particle-no wpr-jarallax-no wpr-parallax-no wpr-sticky-section-no e-con e-child\" data-id=\"d9862bf\" data-element_type=\"container\">\n\t\t\t\t<div class=\"elementor-element elementor-element-a138608 elementor-widget elementor-widget-heading\" data-id=\"a138608\" data-element_type=\"widget\" data-widget_type=\"heading.default\">\n\t\t\t\t<div class=\"elementor-widget-container\">\n\t\t\t\t\t<h1 class=\"elementor-heading-title elementor-size-default\">Vivre encore\n<br><br>\u00c9ditions Contrejour, 1990.\n<\/h1>\t\t\t\t<\/div>\n\t\t\t\t<\/div>\n\t\t\t\t<div class=\"elementor-element elementor-element-e6e3adb elementor-widget elementor-widget-text-editor\" data-id=\"e6e3adb\" data-element_type=\"widget\" data-widget_type=\"text-editor.default\">\n\t\t\t\t<div class=\"elementor-widget-container\">\n\t\t\t\t\t\t\t\t\t<hr \/><p class=\"font_7\">Service de p\u00e9diatrie de l\u2019Institut Curie. Paris.<br \/>Je me rappelle mon premier contact avec le service de p\u00e9diatrie de l\u2019Institut Curie. C\u2019\u00e9tait en mai 1989. Je connaissais bien le milieu hospitalier mais le cancer me faisait peur. C\u2019est avec beaucoup d\u2019appr\u00e9hension que je montai les escaliers qui m\u00e8nent au service. Une infirmi\u00e8re m\u2019accueillit avec un grand sourire et m\u2019entraina dans un couloir ou les enfants s\u2019amusaient. L\u2019ambiance \u00e9tait chaleureuse et familiale.<\/p><p class=\"font_7\">Au d\u00e9but je n\u2019osais pas faire de photos. Je d\u00e9ambulais dans les couloirs, je m\u2019amusais avec les enfants. Impossible de mettre l\u2019appareil \u00e0 l\u2019\u0153il. Petit \u00e0 petit, je me suis immerg\u00e9 dans leur vie quotidienne. J\u2019ai v\u00e9cu les moments de joie quand l\u2019enfant va bien. J\u2019ai v\u00e9cu aussi les moments douloureux, la rechute d\u2019un petit que l\u2019on croyait sauv\u00e9, l\u2019angoisse des parents attendant le verdict du m\u00e9decin. Tous ces moments de complicit\u00e9, de tendresse, d\u2019affection, j\u2019ai voulu les fixer comme pour retenir une parcelle d\u2019\u00e9ternit\u00e9.<\/p>\t\t\t\t\t\t\t\t<\/div>\n\t\t\t\t<\/div>\n\t\t\t\t<\/div>\n\t\t\t\t<\/div>\n\t\t\t\t<\/div>\n\t\t","protected":false},"excerpt":{"rendered":"<p>Vivre encore L\u2019infirmi\u00e8re avec In\u00e8s dans le secteur st\u00e9rile. Imen dans le couloir du service. L\u2019infirmi\u00e8re c\u00e2line un jeune adolescent. La visite du m\u00e9decin. Didier adore se coiffer le matin. Le bain. Bilal t\u00e9l\u00e9phone \u00e0 ses parents. In\u00e8s et Im\u00e8ne, deux amies ins\u00e9parables. Sidalie. Le c\u00e2lin. Didier sur son lit. Une infirmi\u00e8re donne le biberon \u00e0 St\u00e9phanie. Une m\u00e8re et son fils dans leur chambre st\u00e9rile. La salle de classe. Nadia dans le couloir du service. Vivre encore \u00c9ditions Contrejour, 1990. Service de p\u00e9diatrie de l\u2019Institut Curie. Paris.Je me rappelle mon premier contact avec le service de p\u00e9diatrie de l\u2019Institut Curie. C\u2019\u00e9tait en mai 1989. Je connaissais bien le milieu hospitalier mais le cancer me faisait peur. C\u2019est avec beaucoup d\u2019appr\u00e9hension que je montai les escaliers qui m\u00e8nent au service. Une infirmi\u00e8re m\u2019accueillit avec un grand sourire et m\u2019entraina dans un couloir ou les enfants s\u2019amusaient. L\u2019ambiance \u00e9tait chaleureuse et familiale. Au d\u00e9but je n\u2019osais pas faire de photos. Je d\u00e9ambulais dans les couloirs, je m\u2019amusais avec les enfants. Impossible de mettre l\u2019appareil \u00e0 l\u2019\u0153il. Petit \u00e0 petit, je me suis immerg\u00e9 dans leur vie quotidienne. J\u2019ai v\u00e9cu les moments de joie quand l\u2019enfant va bien. J\u2019ai v\u00e9cu aussi les moments douloureux, la rechute d\u2019un petit que l\u2019on croyait sauv\u00e9, l\u2019angoisse des parents attendant le verdict du m\u00e9decin. Tous ces moments de complicit\u00e9, de tendresse, d\u2019affection, j\u2019ai voulu les fixer comme pour retenir une parcelle d\u2019\u00e9ternit\u00e9.<\/p>\n","protected":false},"author":1,"featured_media":1618,"parent":0,"menu_order":0,"comment_status":"closed","ping_status":"closed","template":"","meta":{"footnotes":""},"_links":{"self":[{"href":"https:\/\/jeanlouiscourtinat.fr\/index.php\/wp-json\/wp\/v2\/pages\/364"}],"collection":[{"href":"https:\/\/jeanlouiscourtinat.fr\/index.php\/wp-json\/wp\/v2\/pages"}],"about":[{"href":"https:\/\/jeanlouiscourtinat.fr\/index.php\/wp-json\/wp\/v2\/types\/page"}],"author":[{"embeddable":true,"href":"https:\/\/jeanlouiscourtinat.fr\/index.php\/wp-json\/wp\/v2\/users\/1"}],"replies":[{"embeddable":true,"href":"https:\/\/jeanlouiscourtinat.fr\/index.php\/wp-json\/wp\/v2\/comments?post=364"}],"version-history":[{"count":86,"href":"https:\/\/jeanlouiscourtinat.fr\/index.php\/wp-json\/wp\/v2\/pages\/364\/revisions"}],"predecessor-version":[{"id":2218,"href":"https:\/\/jeanlouiscourtinat.fr\/index.php\/wp-json\/wp\/v2\/pages\/364\/revisions\/2218"}],"wp:featuredmedia":[{"embeddable":true,"href":"https:\/\/jeanlouiscourtinat.fr\/index.php\/wp-json\/wp\/v2\/media\/1618"}],"wp:attachment":[{"href":"https:\/\/jeanlouiscourtinat.fr\/index.php\/wp-json\/wp\/v2\/media?parent=364"}],"curies":[{"name":"wp","href":"https:\/\/api.w.org\/{rel}","templated":true}]}}