{"id":2367,"date":"2024-07-01T09:58:30","date_gmt":"2024-07-01T09:58:30","guid":{"rendered":"https:\/\/jeanlouiscourtinat.fr\/?page_id=2367"},"modified":"2024-08-28T20:39:37","modified_gmt":"2024-08-28T20:39:37","slug":"louons-maintenant-les-plus-fragiles","status":"publish","type":"page","link":"https:\/\/jeanlouiscourtinat.fr\/index.php\/louons-maintenant-les-plus-fragiles\/","title":{"rendered":"Louons maintenant les plus fragiles"},"content":{"rendered":"\t\t<div data-elementor-type=\"wp-page\" data-elementor-id=\"2367\" class=\"elementor elementor-2367\">\n\t\t\t\t<div class=\"elementor-element elementor-element-5abd9aa e-con-full e-flex wpr-particle-no wpr-jarallax-no wpr-parallax-no wpr-sticky-section-no e-con e-parent\" data-id=\"5abd9aa\" data-element_type=\"container\">\n\t\t<div class=\"elementor-element elementor-element-5527000 e-con-full e-flex wpr-particle-no wpr-jarallax-no wpr-parallax-no wpr-sticky-section-no e-con e-child\" data-id=\"5527000\" data-element_type=\"container\">\n\t\t\t\t<\/div>\n\t\t<div class=\"elementor-element elementor-element-877e151 e-con-full e-flex wpr-particle-no wpr-jarallax-no wpr-parallax-no wpr-sticky-section-no e-con e-child\" data-id=\"877e151\" data-element_type=\"container\">\n\t\t\t\t<div class=\"elementor-element elementor-element-83827ca elementor-widget elementor-widget-heading\" data-id=\"83827ca\" data-element_type=\"widget\" data-widget_type=\"heading.default\">\n\t\t\t\t<div class=\"elementor-widget-container\">\n\t\t\t\t\t<h1 class=\"elementor-heading-title elementor-size-default\">Louons maintenant les plus fragiles\n\n<\/h1>\t\t\t\t<\/div>\n\t\t\t\t<\/div>\n\t\t\t\t<div class=\"elementor-element elementor-element-6fe7f0e elementor-widget elementor-widget-text-editor\" data-id=\"6fe7f0e\" data-element_type=\"widget\" data-widget_type=\"text-editor.default\">\n\t\t\t\t<div class=\"elementor-widget-container\">\n\t\t\t\t\t\t\t\t\t<p style=\"text-align: center;\"><strong>Co\u00e9ditions<\/strong><br \/>delpire&amp;co<br \/>La Compagnie du Livre Rouge<\/p><p style=\"text-align: center;\">Sortie le 19 septembre 2024<\/p>\t\t\t\t\t\t\t\t<\/div>\n\t\t\t\t<\/div>\n\t\t\t\t<div class=\"elementor-element elementor-element-c3d0178 elementor-widget elementor-widget-text-editor\" data-id=\"c3d0178\" data-element_type=\"widget\" data-widget_type=\"text-editor.default\">\n\t\t\t\t<div class=\"elementor-widget-container\">\n\t\t\t\t\t\t\t\t\t<p><i>\u00ab En accompagnant Jean-Louis Courtinat, j\u2019ai observ\u00e9 comment il travaille au milieu de ses \u201cpetits-vieux-fragiles\u201d, de ses \u201cSDF sortis-de-la-rue\u201d, comment il entre dans leurs vies en fr\u00e8re, en ami, <\/i><i>en tant qu\u2019impliqu\u00e9 et grand vivant. \u00bb<\/i>\u00a0Bertrand \u00c9veno<\/p><div><p>Revenant sur le parcours et l\u2019oeuvre de Jean-Louis Courtinat, ce livre aborde les multiples facettes de quarante ann\u00e9es de photographie sociale. Avec humilit\u00e9, le photographe n\u2019a eu de cesse d\u2019enregistrer les \u00ab vies minuscules \u00bb des gens sans importance, des affaiblis, de ceux qui n\u2019ont pas toute leur raison, de ceux que la mort aspire. Composant une bouleversante galerie de portraits, il nous fait voir combien les \u00ab plus fragiles \u00bb sont grands et ont \u00e0 nous enseigner. \u00c0 nos soci\u00e9t\u00e9s festives et d\u2019abondance, ces photographies et le commentaire \u00e0 deux voix qui les accompagnent posent des questions profond\u00e9ment humaines et d\u2019actualit\u00e9.\u00a0<\/p><\/div>\t\t\t\t\t\t\t\t<\/div>\n\t\t\t\t<\/div>\n\t\t\t\t<div class=\"elementor-element elementor-element-4a10781 gallery-spacing-custom elementor-widget elementor-widget-image-gallery\" data-id=\"4a10781\" data-element_type=\"widget\" data-widget_type=\"image-gallery.default\">\n\t\t\t\t<div class=\"elementor-widget-container\">\n\t\t\t\t\t\t\t<div class=\"elementor-image-gallery\">\n\t\t\t<div id='gallery-1' class='gallery galleryid-2367 gallery-columns-1 gallery-size-full'><figure class='gallery-item'>\n\t\t\t<div class='gallery-icon portrait'>\n\t\t\t\t<a data-elementor-open-lightbox=\"yes\" data-elementor-lightbox-slideshow=\"4a10781\" data-e-action-hash=\"#elementor-action%3Aaction%3Dlightbox%26settings%3DeyJpZCI6MjMzMiwidXJsIjoiaHR0cHM6XC9cL2plYW5sb3Vpc2NvdXJ0aW5hdC5mclwvd3AtY29udGVudFwvdXBsb2Fkc1wvMjAyNFwvMDdcL0NPVVYtQ09VUlRJTkFULTIxLTA1LTIwMjQtQklTLXNjYWxlZC5qcGciLCJzbGlkZXNob3ciOiI0YTEwNzgxIn0%3D\" href='https:\/\/jeanlouiscourtinat.fr\/wp-content\/uploads\/2024\/07\/COUV-COURTINAT-21-05-2024-BIS-scaled.jpg'><img fetchpriority=\"high\" decoding=\"async\" width=\"1892\" height=\"2560\" src=\"https:\/\/jeanlouiscourtinat.fr\/wp-content\/uploads\/2024\/07\/COUV-COURTINAT-21-05-2024-BIS-scaled.jpg\" class=\"attachment-full size-full\" alt=\"\" srcset=\"https:\/\/jeanlouiscourtinat.fr\/wp-content\/uploads\/2024\/07\/COUV-COURTINAT-21-05-2024-BIS-scaled.jpg 1892w, https:\/\/jeanlouiscourtinat.fr\/wp-content\/uploads\/2024\/07\/COUV-COURTINAT-21-05-2024-BIS-222x300.jpg 222w, https:\/\/jeanlouiscourtinat.fr\/wp-content\/uploads\/2024\/07\/COUV-COURTINAT-21-05-2024-BIS-757x1024.jpg 757w, https:\/\/jeanlouiscourtinat.fr\/wp-content\/uploads\/2024\/07\/COUV-COURTINAT-21-05-2024-BIS-768x1039.jpg 768w, https:\/\/jeanlouiscourtinat.fr\/wp-content\/uploads\/2024\/07\/COUV-COURTINAT-21-05-2024-BIS-1135x1536.jpg 1135w, https:\/\/jeanlouiscourtinat.fr\/wp-content\/uploads\/2024\/07\/COUV-COURTINAT-21-05-2024-BIS-1514x2048.jpg 1514w\" sizes=\"(max-width: 1892px) 100vw, 1892px\" \/><\/a>\n\t\t\t<\/div><\/figure>\n\t\t<\/div>\n\t\t<\/div>\n\t\t\t\t\t\t<\/div>\n\t\t\t\t<\/div>\n\t\t<div class=\"elementor-element elementor-element-d47251c e-con-full e-flex wpr-particle-no wpr-jarallax-no wpr-parallax-no wpr-sticky-section-no e-con e-child\" data-id=\"d47251c\" data-element_type=\"container\">\n\t\t\t\t<div class=\"elementor-element elementor-element-c063417 elementor-widget elementor-widget-text-editor\" data-id=\"c063417\" data-element_type=\"widget\" data-widget_type=\"text-editor.default\">\n\t\t\t\t<div class=\"elementor-widget-container\">\n\t\t\t\t\t\t\t\t\t<p><strong><span style=\"text-decoration: underline;\">Auteurs<\/span><\/strong><br \/>Jean-Louis Courtinat<br \/>Bertrand \u00c9veno<\/p>\t\t\t\t\t\t\t\t<\/div>\n\t\t\t\t<\/div>\n\t\t\t\t<div class=\"elementor-element elementor-element-6becc31 elementor-widget elementor-widget-text-editor\" data-id=\"6becc31\" data-element_type=\"widget\" data-widget_type=\"text-editor.default\">\n\t\t\t\t<div class=\"elementor-widget-container\">\n\t\t\t\t\t\t\t\t\t<p><span style=\"text-decoration: underline;\"><strong>Texte<\/strong><\/span><br \/>Bertrand \u00c9veno<\/p><p>\u00a0<\/p>\t\t\t\t\t\t\t\t<\/div>\n\t\t\t\t<\/div>\n\t\t\t\t<div class=\"elementor-element elementor-element-ffa9283 elementor-widget elementor-widget-text-editor\" data-id=\"ffa9283\" data-element_type=\"widget\" data-widget_type=\"text-editor.default\">\n\t\t\t\t<div class=\"elementor-widget-container\">\n\t\t\t\t\t\t\t\t\t<p>Format : 17 x 23 cm<br \/>Nombre de pages : 112<br \/>Nombre de photographies : 70<br \/>Prix public : 27 \u20ac<\/p>\t\t\t\t\t\t\t\t<\/div>\n\t\t\t\t<\/div>\n\t\t\t\t<\/div>\n\t\t\t\t<\/div>\n\t\t<div class=\"elementor-element elementor-element-74ad6a1 e-con-full e-flex wpr-particle-no wpr-jarallax-no wpr-parallax-no wpr-sticky-section-no e-con e-child\" data-id=\"74ad6a1\" data-element_type=\"container\">\n\t\t\t\t<\/div>\n\t\t\t\t<\/div>\n\t\t\t\t<\/div>\n\t\t","protected":false},"excerpt":{"rendered":"<p>Louons maintenant les plus fragiles Co\u00e9ditionsdelpire&amp;coLa Compagnie du Livre Rouge Sortie le 19 septembre 2024 \u00ab En accompagnant Jean-Louis Courtinat, j\u2019ai observ\u00e9 comment il travaille au milieu de ses \u201cpetits-vieux-fragiles\u201d, de ses \u201cSDF sortis-de-la-rue\u201d, comment il entre dans leurs vies en fr\u00e8re, en ami, en tant qu\u2019impliqu\u00e9 et grand vivant. \u00bb\u00a0Bertrand \u00c9veno Revenant sur le parcours et l\u2019oeuvre de Jean-Louis Courtinat, ce livre aborde les multiples facettes de quarante ann\u00e9es de photographie sociale. Avec humilit\u00e9, le photographe n\u2019a eu de cesse d\u2019enregistrer les \u00ab vies minuscules \u00bb des gens sans importance, des affaiblis, de ceux qui n\u2019ont pas toute leur raison, de ceux que la mort aspire. Composant une bouleversante galerie de portraits, il nous fait voir combien les \u00ab plus fragiles \u00bb sont grands et ont \u00e0 nous enseigner. \u00c0 nos soci\u00e9t\u00e9s festives et d\u2019abondance, ces photographies et le commentaire \u00e0 deux voix qui les accompagnent posent des questions profond\u00e9ment humaines et d\u2019actualit\u00e9.\u00a0 AuteursJean-Louis CourtinatBertrand \u00c9veno TexteBertrand \u00c9veno \u00a0 Format : 17 x 23 cmNombre de pages : 112Nombre de photographies : 70Prix public : 27 \u20ac<\/p>\n","protected":false},"author":1,"featured_media":2332,"parent":0,"menu_order":0,"comment_status":"closed","ping_status":"closed","template":"","meta":{"footnotes":""},"_links":{"self":[{"href":"https:\/\/jeanlouiscourtinat.fr\/index.php\/wp-json\/wp\/v2\/pages\/2367"}],"collection":[{"href":"https:\/\/jeanlouiscourtinat.fr\/index.php\/wp-json\/wp\/v2\/pages"}],"about":[{"href":"https:\/\/jeanlouiscourtinat.fr\/index.php\/wp-json\/wp\/v2\/types\/page"}],"author":[{"embeddable":true,"href":"https:\/\/jeanlouiscourtinat.fr\/index.php\/wp-json\/wp\/v2\/users\/1"}],"replies":[{"embeddable":true,"href":"https:\/\/jeanlouiscourtinat.fr\/index.php\/wp-json\/wp\/v2\/comments?post=2367"}],"version-history":[{"count":13,"href":"https:\/\/jeanlouiscourtinat.fr\/index.php\/wp-json\/wp\/v2\/pages\/2367\/revisions"}],"predecessor-version":[{"id":2450,"href":"https:\/\/jeanlouiscourtinat.fr\/index.php\/wp-json\/wp\/v2\/pages\/2367\/revisions\/2450"}],"wp:featuredmedia":[{"embeddable":true,"href":"https:\/\/jeanlouiscourtinat.fr\/index.php\/wp-json\/wp\/v2\/media\/2332"}],"wp:attachment":[{"href":"https:\/\/jeanlouiscourtinat.fr\/index.php\/wp-json\/wp\/v2\/media?parent=2367"}],"curies":[{"name":"wp","href":"https:\/\/api.w.org\/{rel}","templated":true}]}}