{"id":2303,"date":"2024-03-21T11:34:06","date_gmt":"2024-03-21T11:34:06","guid":{"rendered":"https:\/\/jeanlouiscourtinat.fr\/?page_id=2303"},"modified":"2024-03-21T12:02:44","modified_gmt":"2024-03-21T12:02:44","slug":"la-france-sous-leurs-yeux-bibliotheque-nationale-de-france-2024","status":"publish","type":"page","link":"https:\/\/jeanlouiscourtinat.fr\/index.php\/la-france-sous-leurs-yeux-bibliotheque-nationale-de-france-2024\/","title":{"rendered":"La France sous leurs yeux. Biblioth\u00e8que nationale de France, 2024"},"content":{"rendered":"\t\t<div data-elementor-type=\"wp-page\" data-elementor-id=\"2303\" class=\"elementor elementor-2303\">\n\t\t\t\t<div class=\"elementor-element elementor-element-5e051be e-con-full e-flex wpr-particle-no wpr-jarallax-no wpr-parallax-no wpr-sticky-section-no e-con e-parent\" data-id=\"5e051be\" data-element_type=\"container\">\n\t\t<div class=\"elementor-element elementor-element-0cc7f94 e-con-full e-flex wpr-particle-no wpr-jarallax-no wpr-parallax-no wpr-sticky-section-no e-con e-child\" data-id=\"0cc7f94\" data-element_type=\"container\">\n\t\t\t\t<\/div>\n\t\t<div class=\"elementor-element elementor-element-e21d296 e-con-full e-flex wpr-particle-no wpr-jarallax-no wpr-parallax-no wpr-sticky-section-no e-con e-child\" data-id=\"e21d296\" data-element_type=\"container\">\n\t\t\t\t<div class=\"elementor-element elementor-element-a024dc9 elementor-widget elementor-widget-heading\" data-id=\"a024dc9\" data-element_type=\"widget\" data-widget_type=\"heading.default\">\n\t\t\t\t<div class=\"elementor-widget-container\">\n\t\t\t\t\t<h1 class=\"elementor-heading-title elementor-size-default\">La France sous leurs yeux\n<br><br>Livre collectif.\n\n<br><br>\u00c9ditions Biblioth\u00e8que Nationale de France, 2024.<\/h1>\t\t\t\t<\/div>\n\t\t\t\t<\/div>\n\t\t\t\t<div class=\"elementor-element elementor-element-58d7243 elementor-widget elementor-widget-text-editor\" data-id=\"58d7243\" data-element_type=\"widget\" data-widget_type=\"text-editor.default\">\n\t\t\t\t<div class=\"elementor-widget-container\">\n\t\t\t\t\t\t\t\t\t<p style=\"text-align: center;\">De la crise sanitaire \u00e0 la crise humanitaire<br \/>Jean-Louis Courtinat<\/p><p>Pendant plusieurs mois, J&#8217;ai suivi le quotidien d&#8217;hommes et de femmes qui ont v\u00e9cu longtemps dans la rue et ont \u00e9t\u00e9 relog\u00e9s par Les Petits Fr\u00e8res des pauvres dans des h\u00f4tels sociaux v\u00e9tustes et insalubres. Ces personnes ont rejet\u00e9 leur famille ou ont \u00e9t\u00e9 rejet\u00e9es par elles. Elles se sentent invisibles et se retirent de la vie sociale.<\/p><p>Un grand nombre vit des minima sociaux. Beaucoup ont de graves probl\u00e8mes de d\u00e9pendance \u00e0 l&#8217;alcool.<\/p><p>Avoir un toit, m\u00eame un taudis, est vital pour elles. Toutes m&#8217;ont parl\u00e9 de leur d\u00e9sir de se poser, d&#8217;\u00eatre reconnues malgr\u00e9 leur exclusion. Il m&#8217;a fallu \u00e9norm\u00e9ment de temps, d&#8217;\u00e9coute et de proximit\u00e9 pour gagner leur confiance.<\/p><p>Leurs propos \u00e9taient si bouleversants que la photographie ne suffisait pas. Je retranscrivais donc leurs confidences les plus fortes dans un petit carnet. Quand je regarde mes photographies, je me demande si j&#8217;ai saisi l&#8217;essentiel. Il faut faire bien plus que des photos pour que ces \u00eatres fragiles ne portent plus le fardeau des pr\u00e9jug\u00e9s qui les livrent \u00e0 l&#8217;oubli de tous.<\/p>\t\t\t\t\t\t\t\t<\/div>\n\t\t\t\t<\/div>\n\t\t\t\t<div class=\"elementor-element elementor-element-36df1f3 elementor-widget elementor-widget-image-gallery\" data-id=\"36df1f3\" data-element_type=\"widget\" data-widget_type=\"image-gallery.default\">\n\t\t\t\t<div class=\"elementor-widget-container\">\n\t\t\t\t\t\t\t<div class=\"elementor-image-gallery\">\n\t\t\t<div id='gallery-1' class='gallery galleryid-2303 gallery-columns-2 gallery-size-full'><figure class='gallery-item'>\n\t\t\t<div class='gallery-icon portrait'>\n\t\t\t\t<a data-elementor-open-lightbox=\"yes\" data-elementor-lightbox-slideshow=\"36df1f3\" data-e-action-hash=\"#elementor-action%3Aaction%3Dlightbox%26settings%3DeyJpZCI6MjI5NywidXJsIjoiaHR0cHM6XC9cL2plYW5sb3Vpc2NvdXJ0aW5hdC5mclwvd3AtY29udGVudFwvdXBsb2Fkc1wvMjAyNFwvMDNcL21hcnMtMjEtRG9jLTEtMS5qcGciLCJzbGlkZXNob3ciOiIzNmRmMWYzIn0%3D\" href='https:\/\/jeanlouiscourtinat.fr\/wp-content\/uploads\/2024\/03\/mars-21-Doc-1-1.jpg'><img fetchpriority=\"high\" decoding=\"async\" width=\"1748\" height=\"2480\" src=\"https:\/\/jeanlouiscourtinat.fr\/wp-content\/uploads\/2024\/03\/mars-21-Doc-1-1.jpg\" class=\"attachment-full size-full\" alt=\"\" srcset=\"https:\/\/jeanlouiscourtinat.fr\/wp-content\/uploads\/2024\/03\/mars-21-Doc-1-1.jpg 1748w, https:\/\/jeanlouiscourtinat.fr\/wp-content\/uploads\/2024\/03\/mars-21-Doc-1-1-211x300.jpg 211w, https:\/\/jeanlouiscourtinat.fr\/wp-content\/uploads\/2024\/03\/mars-21-Doc-1-1-722x1024.jpg 722w, https:\/\/jeanlouiscourtinat.fr\/wp-content\/uploads\/2024\/03\/mars-21-Doc-1-1-768x1090.jpg 768w, https:\/\/jeanlouiscourtinat.fr\/wp-content\/uploads\/2024\/03\/mars-21-Doc-1-1-1083x1536.jpg 1083w, https:\/\/jeanlouiscourtinat.fr\/wp-content\/uploads\/2024\/03\/mars-21-Doc-1-1-1444x2048.jpg 1444w\" sizes=\"(max-width: 1748px) 100vw, 1748px\" \/><\/a>\n\t\t\t<\/div><\/figure><figure class='gallery-item'>\n\t\t\t<div class='gallery-icon portrait'>\n\t\t\t\t<a data-elementor-open-lightbox=\"yes\" data-elementor-lightbox-slideshow=\"36df1f3\" data-e-action-hash=\"#elementor-action%3Aaction%3Dlightbox%26settings%3DeyJpZCI6MjI5OCwidXJsIjoiaHR0cHM6XC9cL2plYW5sb3Vpc2NvdXJ0aW5hdC5mclwvd3AtY29udGVudFwvdXBsb2Fkc1wvMjAyNFwvMDNcL21hcnMtMjEtRG9jLTEtMi5qcGciLCJzbGlkZXNob3ciOiIzNmRmMWYzIn0%3D\" href='https:\/\/jeanlouiscourtinat.fr\/wp-content\/uploads\/2024\/03\/mars-21-Doc-1-2.jpg'><img decoding=\"async\" width=\"1748\" height=\"2480\" src=\"https:\/\/jeanlouiscourtinat.fr\/wp-content\/uploads\/2024\/03\/mars-21-Doc-1-2.jpg\" class=\"attachment-full size-full\" alt=\"\" srcset=\"https:\/\/jeanlouiscourtinat.fr\/wp-content\/uploads\/2024\/03\/mars-21-Doc-1-2.jpg 1748w, https:\/\/jeanlouiscourtinat.fr\/wp-content\/uploads\/2024\/03\/mars-21-Doc-1-2-211x300.jpg 211w, https:\/\/jeanlouiscourtinat.fr\/wp-content\/uploads\/2024\/03\/mars-21-Doc-1-2-722x1024.jpg 722w, https:\/\/jeanlouiscourtinat.fr\/wp-content\/uploads\/2024\/03\/mars-21-Doc-1-2-768x1090.jpg 768w, https:\/\/jeanlouiscourtinat.fr\/wp-content\/uploads\/2024\/03\/mars-21-Doc-1-2-1083x1536.jpg 1083w, https:\/\/jeanlouiscourtinat.fr\/wp-content\/uploads\/2024\/03\/mars-21-Doc-1-2-1444x2048.jpg 1444w\" sizes=\"(max-width: 1748px) 100vw, 1748px\" \/><\/a>\n\t\t\t<\/div><\/figure>\n\t\t<\/div>\n\t\t<\/div>\n\t\t\t\t\t\t<\/div>\n\t\t\t\t<\/div>\n\t\t\t\t<div class=\"elementor-element elementor-element-1773f5a elementor-widget elementor-widget-image\" data-id=\"1773f5a\" data-element_type=\"widget\" data-widget_type=\"image.default\">\n\t\t\t\t<div class=\"elementor-widget-container\">\n\t\t\t\t\t\t\t\t\t\t\t\t<figure class=\"wp-caption\">\n\t\t\t\t\t\t\t\t\t\t\t<a href=\"https:\/\/jeanlouiscourtinat.fr\/wp-content\/uploads\/2024\/03\/0021-ANNA-\u00a9J-LCourtinat--scaled.jpg\" data-elementor-open-lightbox=\"yes\" data-elementor-lightbox-description=\"Anna dans sa chambre d&#039;h\u00f4tel. Paris, 2022. \u00a9J-LCourtinat\" data-e-action-hash=\"#elementor-action%3Aaction%3Dlightbox%26settings%3DeyJpZCI6MjI5NCwidXJsIjoiaHR0cHM6XC9cL2plYW5sb3Vpc2NvdXJ0aW5hdC5mclwvd3AtY29udGVudFwvdXBsb2Fkc1wvMjAyNFwvMDNcLzAwMjEtQU5OQS1cdTAwYTlKLUxDb3VydGluYXQtLXNjYWxlZC5qcGcifQ%3D%3D\">\n\t\t\t\t\t\t\t<img decoding=\"async\" width=\"2560\" height=\"1707\" src=\"https:\/\/jeanlouiscourtinat.fr\/wp-content\/uploads\/2024\/03\/0021-ANNA-\u00a9J-LCourtinat--scaled.jpg\" class=\"attachment-full size-full wp-image-2294\" alt=\"\" srcset=\"https:\/\/jeanlouiscourtinat.fr\/wp-content\/uploads\/2024\/03\/0021-ANNA-\u00a9J-LCourtinat--scaled.jpg 2560w, https:\/\/jeanlouiscourtinat.fr\/wp-content\/uploads\/2024\/03\/0021-ANNA-\u00a9J-LCourtinat--300x200.jpg 300w, https:\/\/jeanlouiscourtinat.fr\/wp-content\/uploads\/2024\/03\/0021-ANNA-\u00a9J-LCourtinat--1024x683.jpg 1024w, https:\/\/jeanlouiscourtinat.fr\/wp-content\/uploads\/2024\/03\/0021-ANNA-\u00a9J-LCourtinat--768x512.jpg 768w, https:\/\/jeanlouiscourtinat.fr\/wp-content\/uploads\/2024\/03\/0021-ANNA-\u00a9J-LCourtinat--1536x1024.jpg 1536w, https:\/\/jeanlouiscourtinat.fr\/wp-content\/uploads\/2024\/03\/0021-ANNA-\u00a9J-LCourtinat--2048x1365.jpg 2048w\" sizes=\"(max-width: 2560px) 100vw, 2560px\" \/>\t\t\t\t\t\t\t\t<\/a>\n\t\t\t\t\t\t\t\t\t\t\t<figcaption class=\"widget-image-caption wp-caption-text\">Anna dans sa chambre d'h\u00f4tel. Paris, 2022. \u00a9J-LCourtinat<\/figcaption>\n\t\t\t\t\t\t\t\t\t\t<\/figure>\n\t\t\t\t\t\t\t\t\t<\/div>\n\t\t\t\t<\/div>\n\t\t\t\t<div class=\"elementor-element elementor-element-fb4c693 elementor-widget-tablet__width-inherit elementor-widget elementor-widget-image\" data-id=\"fb4c693\" data-element_type=\"widget\" data-widget_type=\"image.default\">\n\t\t\t\t<div class=\"elementor-widget-container\">\n\t\t\t\t\t\t\t\t\t\t\t\t<figure class=\"wp-caption\">\n\t\t\t\t\t\t\t\t\t\t\t<a href=\"https:\/\/jeanlouiscourtinat.fr\/wp-content\/uploads\/2024\/03\/000144-Christiane-\u00a9J-LCourtinat-scaled.jpg\" data-elementor-open-lightbox=\"yes\" data-elementor-lightbox-description=\"Christiane dans sa chambre d&#039;h\u00f4tel. Paris, 2022. \u00a9J-LCourtinat\" data-e-action-hash=\"#elementor-action%3Aaction%3Dlightbox%26settings%3DeyJpZCI6MjI5NSwidXJsIjoiaHR0cHM6XC9cL2plYW5sb3Vpc2NvdXJ0aW5hdC5mclwvd3AtY29udGVudFwvdXBsb2Fkc1wvMjAyNFwvMDNcLzAwMDE0NC1DaHJpc3RpYW5lLVx1MDBhOUotTENvdXJ0aW5hdC1zY2FsZWQuanBnIn0%3D\">\n\t\t\t\t\t\t\t<img loading=\"lazy\" decoding=\"async\" width=\"2560\" height=\"1707\" src=\"https:\/\/jeanlouiscourtinat.fr\/wp-content\/uploads\/2024\/03\/000144-Christiane-\u00a9J-LCourtinat-scaled.jpg\" class=\"attachment-full size-full wp-image-2295\" alt=\"\" srcset=\"https:\/\/jeanlouiscourtinat.fr\/wp-content\/uploads\/2024\/03\/000144-Christiane-\u00a9J-LCourtinat-scaled.jpg 2560w, https:\/\/jeanlouiscourtinat.fr\/wp-content\/uploads\/2024\/03\/000144-Christiane-\u00a9J-LCourtinat-300x200.jpg 300w, https:\/\/jeanlouiscourtinat.fr\/wp-content\/uploads\/2024\/03\/000144-Christiane-\u00a9J-LCourtinat-1024x683.jpg 1024w, https:\/\/jeanlouiscourtinat.fr\/wp-content\/uploads\/2024\/03\/000144-Christiane-\u00a9J-LCourtinat-768x512.jpg 768w, https:\/\/jeanlouiscourtinat.fr\/wp-content\/uploads\/2024\/03\/000144-Christiane-\u00a9J-LCourtinat-1536x1024.jpg 1536w, https:\/\/jeanlouiscourtinat.fr\/wp-content\/uploads\/2024\/03\/000144-Christiane-\u00a9J-LCourtinat-2048x1365.jpg 2048w\" sizes=\"(max-width: 2560px) 100vw, 2560px\" \/>\t\t\t\t\t\t\t\t<\/a>\n\t\t\t\t\t\t\t\t\t\t\t<figcaption class=\"widget-image-caption wp-caption-text\">Christiane dans sa chambre d'h\u00f4tel. Paris, 2022. \u00a9J-LCourtinat<\/figcaption>\n\t\t\t\t\t\t\t\t\t\t<\/figure>\n\t\t\t\t\t\t\t\t\t<\/div>\n\t\t\t\t<\/div>\n\t\t\t\t<\/div>\n\t\t<div class=\"elementor-element elementor-element-0efc41a e-con-full e-flex wpr-particle-no wpr-jarallax-no wpr-parallax-no wpr-sticky-section-no e-con e-child\" data-id=\"0efc41a\" data-element_type=\"container\">\n\t\t\t\t<\/div>\n\t\t\t\t<\/div>\n\t\t\t\t<\/div>\n\t\t","protected":false},"excerpt":{"rendered":"<p>La France sous leurs yeux Livre collectif. \u00c9ditions Biblioth\u00e8que Nationale de France, 2024. De la crise sanitaire \u00e0 la crise humanitaireJean-Louis Courtinat Pendant plusieurs mois, J&#8217;ai suivi le quotidien d&#8217;hommes et de femmes qui ont v\u00e9cu longtemps dans la rue et ont \u00e9t\u00e9 relog\u00e9s par Les Petits Fr\u00e8res des pauvres dans des h\u00f4tels sociaux v\u00e9tustes et insalubres. Ces personnes ont rejet\u00e9 leur famille ou ont \u00e9t\u00e9 rejet\u00e9es par elles. Elles se sentent invisibles et se retirent de la vie sociale. Un grand nombre vit des minima sociaux. Beaucoup ont de graves probl\u00e8mes de d\u00e9pendance \u00e0 l&#8217;alcool. Avoir un toit, m\u00eame un taudis, est vital pour elles. Toutes m&#8217;ont parl\u00e9 de leur d\u00e9sir de se poser, d&#8217;\u00eatre reconnues malgr\u00e9 leur exclusion. Il m&#8217;a fallu \u00e9norm\u00e9ment de temps, d&#8217;\u00e9coute et de proximit\u00e9 pour gagner leur confiance. Leurs propos \u00e9taient si bouleversants que la photographie ne suffisait pas. Je retranscrivais donc leurs confidences les plus fortes dans un petit carnet. Quand je regarde mes photographies, je me demande si j&#8217;ai saisi l&#8217;essentiel. Il faut faire bien plus que des photos pour que ces \u00eatres fragiles ne portent plus le fardeau des pr\u00e9jug\u00e9s qui les livrent \u00e0 l&#8217;oubli de tous. Anna dans sa chambre d&#8217;h\u00f4tel. Paris, 2022. \u00a9J-LCourtinat Christiane dans sa chambre d&#8217;h\u00f4tel. Paris, 2022. \u00a9J-LCourtinat<\/p>\n","protected":false},"author":1,"featured_media":2297,"parent":0,"menu_order":0,"comment_status":"closed","ping_status":"closed","template":"","meta":{"footnotes":""},"_links":{"self":[{"href":"https:\/\/jeanlouiscourtinat.fr\/index.php\/wp-json\/wp\/v2\/pages\/2303"}],"collection":[{"href":"https:\/\/jeanlouiscourtinat.fr\/index.php\/wp-json\/wp\/v2\/pages"}],"about":[{"href":"https:\/\/jeanlouiscourtinat.fr\/index.php\/wp-json\/wp\/v2\/types\/page"}],"author":[{"embeddable":true,"href":"https:\/\/jeanlouiscourtinat.fr\/index.php\/wp-json\/wp\/v2\/users\/1"}],"replies":[{"embeddable":true,"href":"https:\/\/jeanlouiscourtinat.fr\/index.php\/wp-json\/wp\/v2\/comments?post=2303"}],"version-history":[{"count":16,"href":"https:\/\/jeanlouiscourtinat.fr\/index.php\/wp-json\/wp\/v2\/pages\/2303\/revisions"}],"predecessor-version":[{"id":2328,"href":"https:\/\/jeanlouiscourtinat.fr\/index.php\/wp-json\/wp\/v2\/pages\/2303\/revisions\/2328"}],"wp:featuredmedia":[{"embeddable":true,"href":"https:\/\/jeanlouiscourtinat.fr\/index.php\/wp-json\/wp\/v2\/media\/2297"}],"wp:attachment":[{"href":"https:\/\/jeanlouiscourtinat.fr\/index.php\/wp-json\/wp\/v2\/media?parent=2303"}],"curies":[{"name":"wp","href":"https:\/\/api.w.org\/{rel}","templated":true}]}}